{"id":997,"date":"2020-08-18T16:27:54","date_gmt":"2020-08-18T14:27:54","guid":{"rendered":"https:\/\/physioaktiv-schmieding.de\/?page_id=997"},"modified":"2020-08-18T19:53:33","modified_gmt":"2020-08-18T17:53:33","slug":"997-2","status":"publish","type":"page","link":"https:\/\/physioaktiv-schmieding.de\/?page_id=997","title":{"rendered":"Krankengymnastik"},"content":{"rendered":"\n<figure class=\"wp-block-gallery aligncenter columns-1 is-cropped wp-block-gallery-1 is-layout-flex wp-block-gallery-is-layout-flex\"><ul class=\"blocks-gallery-grid\"><li class=\"blocks-gallery-item\"><figure><img loading=\"lazy\" decoding=\"async\" width=\"535\" height=\"300\" src=\"https:\/\/physioaktiv-schmieding.de\/wp-content\/uploads\/2020\/08\/KG.jpg\" alt=\"\" data-id=\"999\" data-link=\"https:\/\/physioaktiv-schmieding.de\/?attachment_id=999\" class=\"wp-image-999\" srcset=\"https:\/\/physioaktiv-schmieding.de\/wp-content\/uploads\/2020\/08\/KG.jpg 535w, https:\/\/physioaktiv-schmieding.de\/wp-content\/uploads\/2020\/08\/KG-300x168.jpg 300w\" sizes=\"auto, (max-width: 535px) 100vw, 535px\" \/><\/figure><\/li><\/ul><\/figure>\n\n\n\n<p class=\"has-medium-font-size\">Krankengymnastik ist der planm\u00e4\u00dfige und abgestufte Einsatz passiver Ma\u00dfnahmen wie Massagen und Dehn\u00fcbungen und aktiver k\u00f6rperlicher Bewegungs\u00fcbungen unter der Anleitung eines Physiotherapeuten mit dem Ziel, Funktionsst\u00f6rungen des K\u00f6rpers und Fehlentwicklungen zu beseitigen oder zu vermeiden und Heilungsvorg\u00e4nge zu unterst\u00fctzen. Der Patient wird meist aktiv in den Heilungsprozess mit einbezogen. Krankengymnastik findet Anwendung besonders in der Orthop\u00e4die (z.B. bei Gelenk- und Wirbels\u00e4ulenerkrankungen, Haltungsfehlern), Neurologie (z.B. bei Schlaganfallpatienten oder Spastikern), Gyn\u00e4kologie (bei Schwangerschaften) und Chirurgie (z.B. nach Operationen des Bewegungsapparates). Sie wird vorbeugend, therapieunterst\u00fctzend und in der Rehabilitation eingesetzt. \u00dcber das Bewegungssystem erreicht der ganzheitliche Ansatz der Krankengymnastik auch Heilwirkungen bei inneren Erkrankungen (z.B. Kreislauf, Atmung). Die Krankengymnastik ist Teil der Physiotherapie. <\/p>\n","protected":false},"excerpt":{"rendered":"<p>Krankengymnastik ist der planm\u00e4\u00dfige und abgestufte Einsatz passiver Ma\u00dfnahmen wie Massagen und Dehn\u00fcbungen und aktiver k\u00f6rperlicher Bewegungs\u00fcbungen unter der Anleitung eines Physiotherapeuten mit dem Ziel, Funktionsst\u00f6rungen des K\u00f6rpers und Fehlentwicklungen zu beseitigen oder zu vermeiden und Heilungsvorg\u00e4nge zu unterst\u00fctzen. Der &hellip; <a href=\"https:\/\/physioaktiv-schmieding.de\/?page_id=997\">Weiterlesen <span class=\"meta-nav\">&rarr;<\/span><\/a><\/p>\n","protected":false},"author":1,"featured_media":0,"parent":861,"menu_order":0,"comment_status":"closed","ping_status":"closed","template":"","meta":{"footnotes":""},"class_list":["post-997","page","type-page","status-publish","hentry"],"_links":{"self":[{"href":"https:\/\/physioaktiv-schmieding.de\/index.php?rest_route=\/wp\/v2\/pages\/997","targetHints":{"allow":["GET"]}}],"collection":[{"href":"https:\/\/physioaktiv-schmieding.de\/index.php?rest_route=\/wp\/v2\/pages"}],"about":[{"href":"https:\/\/physioaktiv-schmieding.de\/index.php?rest_route=\/wp\/v2\/types\/page"}],"author":[{"embeddable":true,"href":"https:\/\/physioaktiv-schmieding.de\/index.php?rest_route=\/wp\/v2\/users\/1"}],"replies":[{"embeddable":true,"href":"https:\/\/physioaktiv-schmieding.de\/index.php?rest_route=%2Fwp%2Fv2%2Fcomments&post=997"}],"version-history":[{"count":4,"href":"https:\/\/physioaktiv-schmieding.de\/index.php?rest_route=\/wp\/v2\/pages\/997\/revisions"}],"predecessor-version":[{"id":1030,"href":"https:\/\/physioaktiv-schmieding.de\/index.php?rest_route=\/wp\/v2\/pages\/997\/revisions\/1030"}],"up":[{"embeddable":true,"href":"https:\/\/physioaktiv-schmieding.de\/index.php?rest_route=\/wp\/v2\/pages\/861"}],"wp:attachment":[{"href":"https:\/\/physioaktiv-schmieding.de\/index.php?rest_route=%2Fwp%2Fv2%2Fmedia&parent=997"}],"curies":[{"name":"wp","href":"https:\/\/api.w.org\/{rel}","templated":true}]}}