{"id":939,"date":"2020-06-13T12:02:25","date_gmt":"2020-06-13T10:02:25","guid":{"rendered":"https:\/\/physioaktiv-schmieding.de\/?page_id=939"},"modified":"2022-01-02T18:51:08","modified_gmt":"2022-01-02T17:51:08","slug":"hygienekonzept","status":"publish","type":"page","link":"https:\/\/physioaktiv-schmieding.de\/?page_id=939","title":{"rendered":"Hygienekonzept"},"content":{"rendered":"\n<ul class=\"wp-block-list\"><li><strong>Alle Patienten m\u00fcssen beim Betreten der Praxis einen Mund-Nasen-Schutz  (FFP2 oder med. Mund-\/Nasenschutz) tragen und sich am Eingang die H\u00e4nde desinfizieren.<\/strong><\/li><li><\/li><li><strong>Seit dem 28.12.2021 muss beim Betreten der Praxis der Impfnachweis oder ein aktueller Test vorgelegt werden.<\/strong><\/li><li><\/li><li><strong>Begleitpersonen m\u00fcssen genesen, geimpft oder aktuell getestet sein, ansonsten m\u00fcssen sie drau\u00dfen warten.<\/strong><\/li><\/ul>\n\n\n\n<ul class=\"wp-block-list\"><li><strong>Im Wartebereich ist der Kontakt zwischen den Patienten und anderen Personen auf ein Minimum reduziert. Der Mindestabstand wird eingehalten.<\/strong><\/li><\/ul>\n\n\n\n<ul class=\"wp-block-list\"><li><strong>Die zu behandelnden Patienten werden m\u00f6glichst schnell auf freie Behandlungskabinen verteilt<\/strong>.<\/li><\/ul>\n\n\n\n<ul class=\"wp-block-list\"><li><strong>Sollten alle Sitzpl\u00e4tze besetzt sein, m\u00fcssen die Patienten drau\u00dfen warten bis sie reingebeten werden.<\/strong><\/li><\/ul>\n\n\n\n<ul class=\"wp-block-list\"><li><strong>Durch Einhaltung der Terminvereinbarungen ist ein R\u00fcckstau von Kunden in Wartebereichen zu vermeiden. <\/strong><\/li><\/ul>\n\n\n\n<ul class=\"wp-block-list\"><li><strong>Der Aufenthalt von praxisfremden Personen ist auf ein Minimum zu beschr\u00e4nken.<\/strong><\/li><\/ul>\n\n\n\n<ul class=\"wp-block-list\"><li><strong>Der Zutritt zur Praxis sollte nach Absprache erfolgen. Wartezeiten in der Praxis sollen durch Terminvereinbarungen vermieden werden.<\/strong><\/li><\/ul>\n\n\n\n<ul class=\"wp-block-list\"><li><strong>Das Personal am Thekenbereich ist durch\neinen Spuckschutz (Plexiglaswand) gesch\u00fctzt.<\/strong><\/li><\/ul>\n\n\n\n<ul class=\"wp-block-list\"><li><strong>Alle Kontaktfl\u00e4chen wie St\u00fchle, Liegen und Ablagen werden nach jedem Gebrauch mit einem fettl\u00f6senden Haushaltsreiniger  gereinigt oder mit einem geeigneten (mind. \u201ebegrenzt viruziden\u201c) Desinfektionsmittel  desinfiziert. <\/strong><\/li><\/ul>\n\n\n\n<ul class=\"wp-block-list\"><li><strong>Die Therapieliegen und Zubeh\u00f6r werden nach\njedem Patienten gereinigt und desinfiziert.<\/strong><\/li><\/ul>\n\n\n\n<ul class=\"wp-block-list\"><li><strong>Bei der Behandlung entstandene Abf\u00e4lle werden nach jeder Leistungserbringung ordnungsgem\u00e4\u00df entfernt. <\/strong><\/li><\/ul>\n\n\n\n<ul class=\"wp-block-list\"><li><strong>Die Abfallbeh\u00e4lter in den Praxisr\u00e4umen werden mehrmals t\u00e4glich geleert.<\/strong><\/li><\/ul>\n\n\n\n<ul class=\"wp-block-list\"><li><strong>Die Praxisr\u00e4ume werden in regelm\u00e4\u00dfigen Abst\u00e4nden sto\u00dfgel\u00fcftet und alle Fenster und T\u00fcren dauerhaft ge\u00f6ffnet &#8211; zwecks Querl\u00fcftung.<\/strong><\/li><\/ul>\n\n\n\n<ul class=\"wp-block-list\"><li><strong>Das Personal ist in den Regeln der Bel\u00fcftungsabl\u00e4ufe eingewiesen.<\/strong><\/li><\/ul>\n\n\n\n<ul class=\"wp-block-list\"><li><strong>In jeder Behandlungskabine befinden sich\nHanddesinfektionsspender, um sich die H\u00e4nde zu desinfizieren.<\/strong><\/li><\/ul>\n\n\n\n<ul class=\"wp-block-list\"><li><strong>Im Trainingsger\u00e4tebereich (KG am Ger\u00e4t)\nsind die Ger\u00e4te durch transparente Stellw\u00e4nde (Spuckschutz) getrennt.<\/strong><\/li><\/ul>\n\n\n\n<ul class=\"wp-block-list\"><li><strong>Patienten, die keinen Mund-Nasen-Schutz\ntragen, werden nicht behandelt, um die Mitarbeiter zu sch\u00fctzen.<\/strong><\/li><\/ul>\n\n\n\n<ul class=\"wp-block-list\"><li><strong>Ausschlie\u00dflich medizinisch notwendige\ngesichtsnahe Behandlungen sind m\u00f6glich. <\/strong><\/li><\/ul>\n\n\n\n<ul class=\"wp-block-list\"><li><strong>F\u00fcr die Mitarbeiter stehen gen\u00fcgend Mund-Nasen-Schutz, Handschuhe, Desinfektionsmittel und Schnelltests zur Verf\u00fcgung.<\/strong><\/li><\/ul>\n\n\n\n<ul class=\"wp-block-list\"><li><strong>Zeitschriftenauslagen, Bewirtung etc. werden weiterhin f\u00fcr die Patienten<\/strong> <strong>nicht<\/strong> <strong>angeboten.<\/strong><\/li><\/ul>\n\n\n","protected":false},"excerpt":{"rendered":"<p>Alle Patienten m\u00fcssen beim Betreten der Praxis einen Mund-Nasen-Schutz (FFP2 oder med. Mund-\/Nasenschutz) tragen und sich am Eingang die H\u00e4nde desinfizieren. Seit dem 28.12.2021 muss beim Betreten der Praxis der Impfnachweis oder ein aktueller Test vorgelegt werden. Begleitpersonen m\u00fcssen genesen, &hellip; <a href=\"https:\/\/physioaktiv-schmieding.de\/?page_id=939\">Weiterlesen <span class=\"meta-nav\">&rarr;<\/span><\/a><\/p>\n","protected":false},"author":1,"featured_media":0,"parent":0,"menu_order":0,"comment_status":"closed","ping_status":"closed","template":"","meta":{"footnotes":""},"class_list":["post-939","page","type-page","status-publish","hentry"],"_links":{"self":[{"href":"https:\/\/physioaktiv-schmieding.de\/index.php?rest_route=\/wp\/v2\/pages\/939","targetHints":{"allow":["GET"]}}],"collection":[{"href":"https:\/\/physioaktiv-schmieding.de\/index.php?rest_route=\/wp\/v2\/pages"}],"about":[{"href":"https:\/\/physioaktiv-schmieding.de\/index.php?rest_route=\/wp\/v2\/types\/page"}],"author":[{"embeddable":true,"href":"https:\/\/physioaktiv-schmieding.de\/index.php?rest_route=\/wp\/v2\/users\/1"}],"replies":[{"embeddable":true,"href":"https:\/\/physioaktiv-schmieding.de\/index.php?rest_route=%2Fwp%2Fv2%2Fcomments&post=939"}],"version-history":[{"count":4,"href":"https:\/\/physioaktiv-schmieding.de\/index.php?rest_route=\/wp\/v2\/pages\/939\/revisions"}],"predecessor-version":[{"id":1257,"href":"https:\/\/physioaktiv-schmieding.de\/index.php?rest_route=\/wp\/v2\/pages\/939\/revisions\/1257"}],"wp:attachment":[{"href":"https:\/\/physioaktiv-schmieding.de\/index.php?rest_route=%2Fwp%2Fv2%2Fmedia&parent=939"}],"curies":[{"name":"wp","href":"https:\/\/api.w.org\/{rel}","templated":true}]}}