{"id":66,"date":"2012-02-08T20:26:01","date_gmt":"2012-02-08T19:26:01","guid":{"rendered":"http:\/\/physioaktiv-duisburg.de\/wordpress\/?page_id=66"},"modified":"2020-08-18T20:37:47","modified_gmt":"2020-08-18T18:37:47","slug":"medizinische-fitness","status":"publish","type":"page","link":"https:\/\/physioaktiv-schmieding.de\/?page_id=66","title":{"rendered":"Medizinische Fitness"},"content":{"rendered":"<h1><span style=\"color: #0000ff;\"><strong>Fr\u00fchmobilisation \u2013 Langzeittherapie<\/strong><\/span><\/h1>\n<p>Ganz gleich, welche Erkrankung Sie gerade hinter sich haben, vom Bandscheibenvorfall \u00fcber den Kreuzbandriss bis hin zu Herz-Kreislauf-Erkrankungen, wir helfen Ihnen wieder gesund zu werden.<\/p>\n<p><a href=\"https:\/\/testseitephysio.files.wordpress.com\/2012\/02\/mga1270.jpg\"><img loading=\"lazy\" decoding=\"async\" title=\"_MGA1270\" src=\"https:\/\/testseitephysio.files.wordpress.com\/2012\/02\/mga1270.jpg?w=150&amp;h=99\" alt=\"\" width=\"150\" height=\"99\" \/><\/a><\/p>\n<p><span style=\"color: #ff0000;\"><strong>Mit m\u00f6glichst wenig Einschr\u00e4nkungen leben!<\/strong><\/span><\/p>\n<p>Wir begleiten Sie von der Fr\u00fchmobilisation<br \/>\nbis zur Langzeittherapie bei chronischen Krankheiten.<\/p>\n<h1><span style=\"color: #0000ff;\"><strong>Pr\u00e4vention und medizinische Fitness an Ger\u00e4ten<\/strong><\/span><\/h1>\n<p>Ausgleichende Bewegung zum Berufsalltag, St\u00e4rkung des Herz-Kreislaufsystems, das geh\u00f6rt heute zu einer hervorragenden Gesundheitsvorsorge, vorausgesetzt Sie trainieren ganz gezielt, ohne sich zu \u00fcberlasten.<\/p>\n<p><a href=\"https:\/\/testseitephysio.files.wordpress.com\/2012\/02\/mga1276.jpg\"><img loading=\"lazy\" decoding=\"async\" title=\"_MGA1276\" src=\"https:\/\/testseitephysio.files.wordpress.com\/2012\/02\/mga1276.jpg?w=150&amp;h=99\" alt=\"\" width=\"150\" height=\"99\" \/><\/a><\/p>\n<h1><strong><span style=\"color: #0000ff;\">Vibrationsplatte<\/span><\/strong><\/h1>\n<p>Das Vibrationstraining wirkt dem Knochenabbau (Osteoporose) entgegen, dient der Leistungssteigerung der Muskulatur und\u00a0gleichzeitig verbessern Sie Ihre\u00a0Koordination und\u00a0 Ihr Gleichgewicht.<\/p>\n<p><a href=\"https:\/\/physioaktiv-schmieding.de\/wp-content\/uploads\/2012\/03\/CIMG1250.jpg\"><img loading=\"lazy\" decoding=\"async\" class=\"alignleft size-thumbnail wp-image-251\" title=\"Vibrax\" src=\"https:\/\/physioaktiv-schmieding.de\/wp-content\/uploads\/2012\/03\/CIMG1250-150x150.jpg\" alt=\"\" width=\"150\" height=\"150\" \/><\/a><\/p>\n<h1><\/h1>\n<h1><\/h1>\n<h1><\/h1>\n<h1><\/h1>\n<h1><\/h1>\n<h1><\/h1>\n<h1>Rollen- und Bandmassage<\/h1>\n<p>M\u00f6chten Sie ihre Figur verbessern und Ihr Selbstwertgef\u00fchl steigern?<\/p>\n<p>G\u00f6nnen Sie sich eine &#8222;Wohlf\u00fchl Kur&#8220; auf der Rollen- und Bandmassage. Rollen- und Bandmassage ist speziell f\u00fcr die Behandlung typischer weiblicher Problemzonen wie Oberschenkel, Po, Taillie, H\u00fcfte, Bauch und Oberarme entwickelt und wird seit Jahren erfolgreich angewandt.<\/p>\n<p><a href=\"https:\/\/physioaktiv-schmieding.de\/wp-content\/uploads\/2012\/03\/CIMG12551.jpg\"><img loading=\"lazy\" decoding=\"async\" class=\"alignleft size-thumbnail wp-image-250\" title=\"Rollenmassage\" src=\"https:\/\/physioaktiv-schmieding.de\/wp-content\/uploads\/2012\/03\/CIMG12551-150x150.jpg\" alt=\"\" width=\"150\" height=\"150\" \/><\/a><\/p>\n<h1><\/h1>\n<h1><\/h1>\n<h1><\/h1>\n<h1><\/h1>\n<h1><\/h1>\n<h1><\/h1>\n<h1>Individueller Trainingsplan<\/h1>\n<p>In einem Eingangs-Check lernen Sie und Ihr Therapeut Ihren Gesundheits- und Fitnesszustand kennen.<br \/>\nIhre Zielsetzungen werden besprochen, um einen gezielten <a title=\"Trainingsplan\" href=\"https:\/\/physioaktiv-schmieding.de\/wp-content\/uploads\/2012\/02\/Trainingsplan.pdf\">Trainingsplan<\/a> f\u00fcr Sie zu erstellen. Dieser hilft Ihnen, Ihre Leistungsf\u00e4higkeit zu erhalten und zu verbessern.<\/p>\n","protected":false},"excerpt":{"rendered":"<p>Fr\u00fchmobilisation \u2013 Langzeittherapie Ganz gleich, welche Erkrankung Sie gerade hinter sich haben, vom Bandscheibenvorfall \u00fcber den Kreuzbandriss bis hin zu Herz-Kreislauf-Erkrankungen, wir helfen Ihnen wieder gesund zu werden. Mit m\u00f6glichst wenig Einschr\u00e4nkungen leben! Wir begleiten Sie von der Fr\u00fchmobilisation bis &hellip; <a href=\"https:\/\/physioaktiv-schmieding.de\/?page_id=66\">Weiterlesen <span class=\"meta-nav\">&rarr;<\/span><\/a><\/p>\n","protected":false},"author":1,"featured_media":0,"parent":0,"menu_order":2,"comment_status":"closed","ping_status":"closed","template":"","meta":{"footnotes":""},"class_list":["post-66","page","type-page","status-publish","hentry"],"_links":{"self":[{"href":"https:\/\/physioaktiv-schmieding.de\/index.php?rest_route=\/wp\/v2\/pages\/66","targetHints":{"allow":["GET"]}}],"collection":[{"href":"https:\/\/physioaktiv-schmieding.de\/index.php?rest_route=\/wp\/v2\/pages"}],"about":[{"href":"https:\/\/physioaktiv-schmieding.de\/index.php?rest_route=\/wp\/v2\/types\/page"}],"author":[{"embeddable":true,"href":"https:\/\/physioaktiv-schmieding.de\/index.php?rest_route=\/wp\/v2\/users\/1"}],"replies":[{"embeddable":true,"href":"https:\/\/physioaktiv-schmieding.de\/index.php?rest_route=%2Fwp%2Fv2%2Fcomments&post=66"}],"version-history":[{"count":19,"href":"https:\/\/physioaktiv-schmieding.de\/index.php?rest_route=\/wp\/v2\/pages\/66\/revisions"}],"predecessor-version":[{"id":1050,"href":"https:\/\/physioaktiv-schmieding.de\/index.php?rest_route=\/wp\/v2\/pages\/66\/revisions\/1050"}],"wp:attachment":[{"href":"https:\/\/physioaktiv-schmieding.de\/index.php?rest_route=%2Fwp%2Fv2%2Fmedia&parent=66"}],"curies":[{"name":"wp","href":"https:\/\/api.w.org\/{rel}","templated":true}]}}