{"id":298,"date":"2013-03-31T16:41:10","date_gmt":"2013-03-31T14:41:10","guid":{"rendered":"http:\/\/physioaktiv-duisburg.de\/?page_id=298"},"modified":"2020-08-19T13:13:31","modified_gmt":"2020-08-19T11:13:31","slug":"kiefergelenkstherapie-cmd-craniomandibulare-dysfunktion","status":"publish","type":"page","link":"https:\/\/physioaktiv-schmieding.de\/?page_id=298","title":{"rendered":"Kiefergelenkstherapie bei CMD"},"content":{"rendered":"\n<p class=\"has-medium-font-size\">(<strong>C<\/strong>ranio<strong>M<\/strong>andibul\u00e4re <strong>D<\/strong>ysfunktion)<\/p>\n\n\n\n<figure class=\"wp-block-gallery aligncenter columns-1 is-cropped wp-block-gallery-1 is-layout-flex wp-block-gallery-is-layout-flex\"><ul class=\"blocks-gallery-grid\"><li class=\"blocks-gallery-item\"><figure><img loading=\"lazy\" decoding=\"async\" width=\"482\" height=\"304\" src=\"https:\/\/physioaktiv-schmieding.de\/wp-content\/uploads\/2020\/08\/CMD-1.jpg\" alt=\"\" data-id=\"1149\" data-full-url=\"https:\/\/physioaktiv-schmieding.de\/wp-content\/uploads\/2020\/08\/CMD-1.jpg\" data-link=\"https:\/\/physioaktiv-schmieding.de\/?attachment_id=1149\" class=\"wp-image-1149\" srcset=\"https:\/\/physioaktiv-schmieding.de\/wp-content\/uploads\/2020\/08\/CMD-1.jpg 482w, https:\/\/physioaktiv-schmieding.de\/wp-content\/uploads\/2020\/08\/CMD-1-300x189.jpg 300w\" sizes=\"auto, (max-width: 482px) 100vw, 482px\" \/><\/figure><\/li><\/ul><\/figure>\n\n\n<p><strong><span style=\"color: #000080;\">D<span style=\"color: #000000;\">as Kiefergelenk wurde lange Zeit in der Physiotherapie au\u00dfen vor gelassen. Dennoch handelt es sich um ein Gelenk im K\u00f6rper wie jedes andere.\u00a0 Das bedeutet, dass es auch im Kiefergelenk zahlreiche Strukturen gibt, die physiotherapeutisch sehr gut behandelbar sind: Kaumuskulatur, die Gelenkkapsel oder auch die Gelenkscheibe (Diskus),\u00a0welche mit dem \u00a0Meniskus im Kniegelenk zu vergleichen ist und sich dementsprechend \u00e4hnlich verh\u00e4lt.<\/span><\/span><\/strong><\/p>\n<p><span style=\"color: #000000;\"><strong>Aufgrund diverser Fehlfunktionen einzelner Strukturen kann es zu erheblichen Problemen im Kiefergelenk kommen.<\/strong><\/span><\/p>\n<p><span style=\"color: #000000;\"><strong>Viele weit verbreitete Syndrome wie Tinnitus, Kopfschmerz, Kieferknacken, Kiefergelenksblockaden, Knirschen (Bruxismus) oder sogar unspezifische Gesichtsschmerzen finden ihre Ursache sehr h\u00e4ufig in craniomandibul\u00e4ren Dysfunktionen (Kopf, Gesicht, Kiefer).<\/strong><\/span><\/p>\n<h2><span style=\"color: #000080; text-decoration: underline;\"><strong>Was f\u00fchrt zu Fehlfunktionen des Kiefergelenks?<\/strong><\/span><\/h2>\n<p><span style=\"color: #000000;\"><strong>Fehlfunktionen am Kiefergelenk treten h\u00e4ufig nach Fehlbehandlungen bzw.Fehlstellungen des Kauorgans oder auch der gesamten K\u00f6rperstatik auf.<\/strong><\/span><\/p>\n<p><span style=\"color: #000000;\"><strong>So kann sich zum Beispiel durch eine Umknickverletzung im Fu\u00df eine langwierige Kiefergelenksproblematik entwickeln.<\/strong><\/span><\/p>\n<p><span style=\"color: #000000;\"><strong>Auch sind viele R\u00fcckenschmerzursachen eng im Zusammenhang mit Kieferproblemen zu betrachten.<\/strong><\/span><\/p>\n<p><span style=\"color: #000000;\"><strong>Bei Personen, die sehr von Stress geplagt sind, entwickelt sich meist ein sehr intensives Knirschen oder Pressen. Neben Abrasionen am Zahnschmelz kommt es in der Folge zu einer erheblichen Dysfunktion im Kiefergelenk.<\/strong><\/span><\/p>\n<p><span style=\"color: #000000;\"><strong>Anhand einer umfangreichen Funktionsdiagnostik soll diese Problematik erkannt werden.<\/strong><\/span><\/p>\n<p><strong><span style=\"color: #000080;\"><span style=\"color: #000000;\">Um Beschwerdebilder bestm\u00f6glich behandeln zu k\u00f6nnen, ist eine gute Zusammenarbeit\u00a0zwischen\u00a0Zahnarzt und Physiotherapeut empfehlenswert.<\/span><\/span><\/strong><\/p>\n<h2><span style=\"color: #000080; text-decoration: underline;\"><strong>Welche Beschwerden k\u00f6nnen mit Physiotherapie behandelt werden?<\/strong><\/span><\/h2>\n<ul>\n<li><span style=\"color: #000000;\"><strong>Kopfschmerzen<\/strong><\/span><\/li>\n<li><span style=\"color: #000000;\"><strong>Kiefergelenksknacken<\/strong><\/span><\/li>\n<li><span style=\"color: #000000;\"><strong>Ohrger\u00e4usche (Tinnitus)<\/strong><\/span><\/li>\n<li><span style=\"color: #000000;\"><strong>Z\u00e4hneknirschen (Bruximus)<\/strong><\/span><\/li>\n<li><span style=\"color: #000000;\"><strong>Kiefersperre\/Mundsperre<\/strong><\/span><\/li>\n<li><span style=\"color: #000000;\"><strong>Gesichtsschmerzen<\/strong><\/span><\/li>\n<li><span style=\"color: #000000;\"><strong>Diskusblockierungen<\/strong><\/span><\/li>\n<li><span style=\"color: #000000;\"><strong>Unbestimmbare Zahnschmerzen<\/strong><\/span><\/li>\n<li><span style=\"color: #000000;\"><strong>und viele mehr!<\/strong><\/span><\/li>\n<\/ul>\n<h4>\u00a0<\/h4>","protected":false},"excerpt":{"rendered":"<p>(CranioMandibul\u00e4re Dysfunktion) Das Kiefergelenk wurde lange Zeit in der Physiotherapie au\u00dfen vor gelassen. Dennoch handelt es sich um ein Gelenk im K\u00f6rper wie jedes andere.\u00a0 Das bedeutet, dass es auch im Kiefergelenk zahlreiche Strukturen gibt, die physiotherapeutisch sehr gut behandelbar &hellip; <a href=\"https:\/\/physioaktiv-schmieding.de\/?page_id=298\">Weiterlesen <span class=\"meta-nav\">&rarr;<\/span><\/a><\/p>\n","protected":false},"author":1,"featured_media":0,"parent":0,"menu_order":0,"comment_status":"closed","ping_status":"closed","template":"","meta":{"footnotes":""},"class_list":["post-298","page","type-page","status-publish","hentry"],"_links":{"self":[{"href":"https:\/\/physioaktiv-schmieding.de\/index.php?rest_route=\/wp\/v2\/pages\/298","targetHints":{"allow":["GET"]}}],"collection":[{"href":"https:\/\/physioaktiv-schmieding.de\/index.php?rest_route=\/wp\/v2\/pages"}],"about":[{"href":"https:\/\/physioaktiv-schmieding.de\/index.php?rest_route=\/wp\/v2\/types\/page"}],"author":[{"embeddable":true,"href":"https:\/\/physioaktiv-schmieding.de\/index.php?rest_route=\/wp\/v2\/users\/1"}],"replies":[{"embeddable":true,"href":"https:\/\/physioaktiv-schmieding.de\/index.php?rest_route=%2Fwp%2Fv2%2Fcomments&post=298"}],"version-history":[{"count":8,"href":"https:\/\/physioaktiv-schmieding.de\/index.php?rest_route=\/wp\/v2\/pages\/298\/revisions"}],"predecessor-version":[{"id":1150,"href":"https:\/\/physioaktiv-schmieding.de\/index.php?rest_route=\/wp\/v2\/pages\/298\/revisions\/1150"}],"wp:attachment":[{"href":"https:\/\/physioaktiv-schmieding.de\/index.php?rest_route=%2Fwp%2Fv2%2Fmedia&parent=298"}],"curies":[{"name":"wp","href":"https:\/\/api.w.org\/{rel}","templated":true}]}}