{"id":2,"date":"2016-05-26T10:43:53","date_gmt":"2016-05-26T08:43:53","guid":{"rendered":"http:\/\/physioaktiv-duisburg.de\/wordpress?page_id=2"},"modified":"2025-06-08T17:49:13","modified_gmt":"2025-06-08T15:49:13","slug":"beispiel-seite","status":"publish","type":"page","link":"https:\/\/physioaktiv-schmieding.de\/?page_id=2","title":{"rendered":"Therapieangebote"},"content":{"rendered":"<ul>\n<li><strong><span style=\"color: #0000ff;\">Klassische Massage mit Fango oder Hei\u00dfluft (KMT)<\/span><\/strong><\/li>\n<li><span style=\"color: #0000ff;\"><strong>Fasziale Massage<\/strong><\/span><\/li>\n<li><strong><span style=\"color: #0000ff;\">Ganzk\u00f6rpermassage<\/span><\/strong><\/li>\n<li><strong><span style=\"color: #0000ff;\">Bindegewebsmassage<\/span><\/strong><\/li>\n<li><strong><span style=\"color: #0000ff;\">Periostmassage<\/span><\/strong><\/li>\n<li><span style=\"color: #0000ff;\"><strong>Schr\u00f6pfmassage<\/strong><\/span><\/li>\n<li><strong><span style=\"color: #0000ff;\">Hei\u00dfe Rolle mit Klopfmassage<\/span><\/strong><\/li>\n<li><strong><span style=\"color: #0000ff;\">Kolonmassage (Darm)\/<\/span><\/strong><strong><span style=\"color: #0000ff;\">Mobilisierung der Organe<\/span><\/strong><\/li>\n<li><span style=\"color: #0000ff;\"><strong>Fu\u00dfreflexzonenmassage<\/strong><\/span><\/li>\n<li><strong><span style=\"color: #800080;\">Hawaianische Lomi Lomi mit warmen \u00d6l<\/span><\/strong><\/li>\n<li><strong><span style=\"color: #800080;\">Massage mit hei\u00dfen Steinen und warmen \u00d6l<\/span><\/strong><\/li>\n<li><strong><span style=\"color: #008000;\">Krankengymnastik (KG)<\/span><\/strong><\/li>\n<li><strong><span style=\"color: #008000;\">KG auf neurophysiologische Basis (Bobath)<\/span><\/strong><\/li>\n<li><strong><span style=\"color: #008000;\">KG-Ger\u00e4t (KGG)<\/span><\/strong><\/li>\n<li><strong><span style=\"color: #008000;\">Manuelle Therapie (MT)<\/span><\/strong><\/li>\n<li><span style=\"color: #008000;\"><strong>Atlas-Therapie<\/strong><\/span><\/li>\n<li><strong><span style=\"color: #008000;\">Kiefergelenkstherapie (bei CMD)<\/span><\/strong><\/li>\n<li><strong><span style=\"color: #008000;\">Schlingentisch<\/span><\/strong><\/li>\n<li><strong><span style=\"color: #008000;\">Wirbels\u00e4ulentherapie nach Dorn &amp; Breu\u00df<\/span><\/strong><\/li>\n<li><strong><span style=\"color: #008000;\">Schwangerschafts- und Wochenbettgymnastik<\/span><\/strong><\/li>\n<li><strong><span style=\"color: #008000;\">Beckenbodentraining<\/span><\/strong><\/li>\n<li><strong><span style=\"color: #008000;\">Atemtherapie<\/span><\/strong><\/li>\n<li><strong><span style=\"color: #008000;\">Extensions- und Traktionsbehandlung<\/span><\/strong><\/li>\n<li><strong><span style=\"color: #ff6600;\">Trigger-Point Behandlung<\/span><\/strong><\/li>\n<li><span style=\"color: #ff6600;\"><strong>Spiraldynamik Fachkraft (n. Ma\u00dfgabe der Spiraldynamik Akademie AG<\/strong>)<\/span><\/li>\n<li><strong><span style=\"color: #ff6600;\">Manuelle Lymphdrainage<\/span><\/strong><\/li>\n<li><strong><span style=\"color: #ff6600;\">&#8222;Wellengang Sit&#8220; (Verbesserung der Muskelvenenpumpe u. Anregung des Lymphabflusses)<\/span><\/strong><\/li>\n<li><strong><span style=\"color: #ff6600;\">Kopfschmerz- und Migr\u00e4netechniken<\/span><\/strong><\/li>\n<li><strong><span style=\"color: #ff6600;\">Elektrotherapie (Ultraschall)<\/span><\/strong><\/li>\n<li><strong><span style=\"color: #ff6600;\">Funktionelle Verb\u00e4nde<\/span><\/strong><\/li>\n<li><strong><span style=\"color: #ff6600;\">Kinesiologisches Taping (Muskel-, Ligament-,Faszien- und Lymphtape)<\/span><\/strong><span style=\"color: #ff6600;\"><br \/>\n<\/span><\/li>\n<li><span style=\"color: #ff6600;\"><strong>Magnetfeldtherapie<\/strong><\/span><\/li>\n<li><strong><span style=\"color: #ff6600;\">Maschinelle Lymphdrainage<\/span><\/strong><\/li>\n<\/ul>\n<ul>\n<li><span style=\"color: #155b69;\"><strong>Ganzheitliche Behandlung<\/strong><\/span><\/li>\n<\/ul>\n","protected":false},"excerpt":{"rendered":"<p>Klassische Massage mit Fango oder Hei\u00dfluft (KMT) Fasziale Massage Ganzk\u00f6rpermassage Bindegewebsmassage Periostmassage Schr\u00f6pfmassage Hei\u00dfe Rolle mit Klopfmassage Kolonmassage (Darm)\/Mobilisierung der Organe Fu\u00dfreflexzonenmassage Hawaianische Lomi Lomi mit warmen \u00d6l Massage mit hei\u00dfen Steinen und warmen \u00d6l Krankengymnastik (KG) KG auf neurophysiologische &hellip; <a href=\"https:\/\/physioaktiv-schmieding.de\/?page_id=2\">Weiterlesen <span class=\"meta-nav\">&rarr;<\/span><\/a><\/p>\n","protected":false},"author":1,"featured_media":0,"parent":0,"menu_order":3,"comment_status":"closed","ping_status":"closed","template":"","meta":{"footnotes":""},"class_list":["post-2","page","type-page","status-publish","hentry"],"_links":{"self":[{"href":"https:\/\/physioaktiv-schmieding.de\/index.php?rest_route=\/wp\/v2\/pages\/2","targetHints":{"allow":["GET"]}}],"collection":[{"href":"https:\/\/physioaktiv-schmieding.de\/index.php?rest_route=\/wp\/v2\/pages"}],"about":[{"href":"https:\/\/physioaktiv-schmieding.de\/index.php?rest_route=\/wp\/v2\/types\/page"}],"author":[{"embeddable":true,"href":"https:\/\/physioaktiv-schmieding.de\/index.php?rest_route=\/wp\/v2\/users\/1"}],"replies":[{"embeddable":true,"href":"https:\/\/physioaktiv-schmieding.de\/index.php?rest_route=%2Fwp%2Fv2%2Fcomments&post=2"}],"version-history":[{"count":28,"href":"https:\/\/physioaktiv-schmieding.de\/index.php?rest_route=\/wp\/v2\/pages\/2\/revisions"}],"predecessor-version":[{"id":1357,"href":"https:\/\/physioaktiv-schmieding.de\/index.php?rest_route=\/wp\/v2\/pages\/2\/revisions\/1357"}],"wp:attachment":[{"href":"https:\/\/physioaktiv-schmieding.de\/index.php?rest_route=%2Fwp%2Fv2%2Fmedia&parent=2"}],"curies":[{"name":"wp","href":"https:\/\/api.w.org\/{rel}","templated":true}]}}