{"id":1167,"date":"2020-08-19T13:28:42","date_gmt":"2020-08-19T11:28:42","guid":{"rendered":"https:\/\/physioaktiv-schmieding.de\/?page_id=1167"},"modified":"2020-08-19T13:28:42","modified_gmt":"2020-08-19T11:28:42","slug":"ganzheitliche-chiropraktik","status":"publish","type":"page","link":"https:\/\/physioaktiv-schmieding.de\/?page_id=1167","title":{"rendered":"Ganzheitliche Chiropraktik"},"content":{"rendered":"\n<figure class=\"wp-block-gallery aligncenter columns-1 is-cropped wp-block-gallery-1 is-layout-flex wp-block-gallery-is-layout-flex\"><ul class=\"blocks-gallery-grid\"><li class=\"blocks-gallery-item\"><figure><img loading=\"lazy\" decoding=\"async\" width=\"400\" height=\"565\" src=\"https:\/\/physioaktiv-schmieding.de\/wp-content\/uploads\/2020\/08\/Chiro.jpg\" alt=\"\" data-id=\"1168\" data-full-url=\"https:\/\/physioaktiv-schmieding.de\/wp-content\/uploads\/2020\/08\/Chiro.jpg\" data-link=\"https:\/\/physioaktiv-schmieding.de\/?attachment_id=1168\" class=\"wp-image-1168\" srcset=\"https:\/\/physioaktiv-schmieding.de\/wp-content\/uploads\/2020\/08\/Chiro.jpg 400w, https:\/\/physioaktiv-schmieding.de\/wp-content\/uploads\/2020\/08\/Chiro-212x300.jpg 212w\" sizes=\"auto, (max-width: 400px) 100vw, 400px\" \/><\/figure><\/li><\/ul><\/figure>\n\n\n\n<p class=\"has-medium-font-size\">Die <strong>Chiropraktik<\/strong> ist eine alternativmedizinische Behandlungsmethode mit dem Ziel, Funktionsst\u00f6rungen an den der Bewegung und St\u00fctzung des menschlichen K\u00f6rpers dienenden K\u00f6rperteilen, besonders der Wirbels\u00e4ule, zu finden und durch Mobilisations- und Manipulationstechniken zu beseitigen. Dabei werden sowohl das gest\u00f6rte Gelenkspiel als auch die Verschiebung (Subluxation) ber\u00fccksichtigt.<\/p>\n","protected":false},"excerpt":{"rendered":"<p>Die Chiropraktik ist eine alternativmedizinische Behandlungsmethode mit dem Ziel, Funktionsst\u00f6rungen an den der Bewegung und St\u00fctzung des menschlichen K\u00f6rpers dienenden K\u00f6rperteilen, besonders der Wirbels\u00e4ule, zu finden und durch Mobilisations- und Manipulationstechniken zu beseitigen. Dabei werden sowohl das gest\u00f6rte Gelenkspiel als &hellip; <a href=\"https:\/\/physioaktiv-schmieding.de\/?page_id=1167\">Weiterlesen <span class=\"meta-nav\">&rarr;<\/span><\/a><\/p>\n","protected":false},"author":1,"featured_media":0,"parent":0,"menu_order":0,"comment_status":"closed","ping_status":"closed","template":"","meta":{"footnotes":""},"class_list":["post-1167","page","type-page","status-publish","hentry"],"_links":{"self":[{"href":"https:\/\/physioaktiv-schmieding.de\/index.php?rest_route=\/wp\/v2\/pages\/1167","targetHints":{"allow":["GET"]}}],"collection":[{"href":"https:\/\/physioaktiv-schmieding.de\/index.php?rest_route=\/wp\/v2\/pages"}],"about":[{"href":"https:\/\/physioaktiv-schmieding.de\/index.php?rest_route=\/wp\/v2\/types\/page"}],"author":[{"embeddable":true,"href":"https:\/\/physioaktiv-schmieding.de\/index.php?rest_route=\/wp\/v2\/users\/1"}],"replies":[{"embeddable":true,"href":"https:\/\/physioaktiv-schmieding.de\/index.php?rest_route=%2Fwp%2Fv2%2Fcomments&post=1167"}],"version-history":[{"count":1,"href":"https:\/\/physioaktiv-schmieding.de\/index.php?rest_route=\/wp\/v2\/pages\/1167\/revisions"}],"predecessor-version":[{"id":1169,"href":"https:\/\/physioaktiv-schmieding.de\/index.php?rest_route=\/wp\/v2\/pages\/1167\/revisions\/1169"}],"wp:attachment":[{"href":"https:\/\/physioaktiv-schmieding.de\/index.php?rest_route=%2Fwp%2Fv2%2Fmedia&parent=1167"}],"curies":[{"name":"wp","href":"https:\/\/api.w.org\/{rel}","templated":true}]}}