{"id":1163,"date":"2020-08-19T13:25:59","date_gmt":"2020-08-19T11:25:59","guid":{"rendered":"https:\/\/physioaktiv-schmieding.de\/?page_id=1163"},"modified":"2020-08-19T13:25:59","modified_gmt":"2020-08-19T11:25:59","slug":"ultraschall-behandlung","status":"publish","type":"page","link":"https:\/\/physioaktiv-schmieding.de\/?page_id=1163","title":{"rendered":"Ultraschall &#8211; Behandlung"},"content":{"rendered":"\n<figure class=\"wp-block-gallery aligncenter columns-1 is-cropped wp-block-gallery-1 is-layout-flex wp-block-gallery-is-layout-flex\"><ul class=\"blocks-gallery-grid\"><li class=\"blocks-gallery-item\"><figure><img loading=\"lazy\" decoding=\"async\" width=\"320\" height=\"180\" src=\"https:\/\/physioaktiv-schmieding.de\/wp-content\/uploads\/2020\/08\/Ultraschall.jpg\" alt=\"\" data-id=\"1164\" data-full-url=\"https:\/\/physioaktiv-schmieding.de\/wp-content\/uploads\/2020\/08\/Ultraschall.jpg\" data-link=\"https:\/\/physioaktiv-schmieding.de\/?attachment_id=1164\" class=\"wp-image-1164\" srcset=\"https:\/\/physioaktiv-schmieding.de\/wp-content\/uploads\/2020\/08\/Ultraschall.jpg 320w, https:\/\/physioaktiv-schmieding.de\/wp-content\/uploads\/2020\/08\/Ultraschall-300x169.jpg 300w\" sizes=\"auto, (max-width: 320px) 100vw, 320px\" \/><\/figure><\/li><\/ul><\/figure>\n\n\n\n<p class=\"has-medium-font-size\">Ultraschall ist eine Therapie, die im weitesten Sinn auch zur Elektrotherapie z\u00e4hlt. Hierbei wird Strom in hochfrequenten Schallwellen von ca. 1 MHz umgewandelt.<br><br>Der Ultraschall wird \u00fcber einen Schallkopf mit ca. 5-6cm2 Fl\u00e4che \u00fcber ein Kontaktgel auf die erkrankte Region aufgetragen und dabei kreisend bewegt. Der Schall wird dabei kontinuierlich oder pulsierend abgegeben. Beim pulsierenden Schall entsteht weniger W\u00e4rmewirkung und er ist dadurch weniger intensiv.<br>Ultraschall ist haupts\u00e4chlich f\u00fcr Erkrankungen im akuten Stadium geeignet.<br>Die Ultraschalltherapie eignet sich haupts\u00e4chlich f\u00fcr Lokalisationen von geringen Ausdehnungen.<\/p>\n\n\n\n<p class=\"has-medium-font-size\"><strong>Einsatzgebiete sind z.B.:<\/strong><\/p>\n\n\n\n<ol class=\"wp-block-list\"><li><strong>Spondylose &#8211; Osteochondrose<\/strong><\/li><li><strong>Muskel- oder Sehnenbeschwerden<\/strong><\/li><li><strong>Bestimmte Formen der Neuritis<\/strong><\/li><li><strong>Rheumatoide Arthritis\/ Arthrose\/Spondylitis ankylosans \/ Bursitis \/ Kapsulitis \/ Tendinitis<\/strong><\/li><li><strong>Schultergelenks-Arthrose oder Arthritis<\/strong><\/li><li><strong>Ellenbogengelenks-Arthrose oder Arthritis<\/strong><\/li><li><strong>Kniegelenks-Arthrose oder Arthritis<\/strong><\/li><li><strong>Hand- und Fu\u00dfgelenks-Arthrose oder Arthritis\u00a0<\/strong><\/li><\/ol>\n","protected":false},"excerpt":{"rendered":"<p>Ultraschall ist eine Therapie, die im weitesten Sinn auch zur Elektrotherapie z\u00e4hlt. Hierbei wird Strom in hochfrequenten Schallwellen von ca. 1 MHz umgewandelt. Der Ultraschall wird \u00fcber einen Schallkopf mit ca. 5-6cm2 Fl\u00e4che \u00fcber ein Kontaktgel auf die erkrankte Region &hellip; <a href=\"https:\/\/physioaktiv-schmieding.de\/?page_id=1163\">Weiterlesen <span class=\"meta-nav\">&rarr;<\/span><\/a><\/p>\n","protected":false},"author":1,"featured_media":0,"parent":0,"menu_order":0,"comment_status":"closed","ping_status":"closed","template":"","meta":{"footnotes":""},"class_list":["post-1163","page","type-page","status-publish","hentry"],"_links":{"self":[{"href":"https:\/\/physioaktiv-schmieding.de\/index.php?rest_route=\/wp\/v2\/pages\/1163","targetHints":{"allow":["GET"]}}],"collection":[{"href":"https:\/\/physioaktiv-schmieding.de\/index.php?rest_route=\/wp\/v2\/pages"}],"about":[{"href":"https:\/\/physioaktiv-schmieding.de\/index.php?rest_route=\/wp\/v2\/types\/page"}],"author":[{"embeddable":true,"href":"https:\/\/physioaktiv-schmieding.de\/index.php?rest_route=\/wp\/v2\/users\/1"}],"replies":[{"embeddable":true,"href":"https:\/\/physioaktiv-schmieding.de\/index.php?rest_route=%2Fwp%2Fv2%2Fcomments&post=1163"}],"version-history":[{"count":1,"href":"https:\/\/physioaktiv-schmieding.de\/index.php?rest_route=\/wp\/v2\/pages\/1163\/revisions"}],"predecessor-version":[{"id":1165,"href":"https:\/\/physioaktiv-schmieding.de\/index.php?rest_route=\/wp\/v2\/pages\/1163\/revisions\/1165"}],"wp:attachment":[{"href":"https:\/\/physioaktiv-schmieding.de\/index.php?rest_route=%2Fwp%2Fv2%2Fmedia&parent=1163"}],"curies":[{"name":"wp","href":"https:\/\/api.w.org\/{rel}","templated":true}]}}