{"id":1151,"date":"2020-08-19T13:16:55","date_gmt":"2020-08-19T11:16:55","guid":{"rendered":"https:\/\/physioaktiv-schmieding.de\/?page_id=1151"},"modified":"2020-08-19T13:16:55","modified_gmt":"2020-08-19T11:16:55","slug":"viszerale-therapie","status":"publish","type":"page","link":"https:\/\/physioaktiv-schmieding.de\/?page_id=1151","title":{"rendered":"Viszerale Therapie"},"content":{"rendered":"\n<figure class=\"wp-block-gallery aligncenter columns-1 is-cropped wp-block-gallery-1 is-layout-flex wp-block-gallery-is-layout-flex\"><ul class=\"blocks-gallery-grid\"><li class=\"blocks-gallery-item\"><figure><img loading=\"lazy\" decoding=\"async\" width=\"640\" height=\"427\" src=\"https:\/\/physioaktiv-schmieding.de\/wp-content\/uploads\/2020\/08\/Viszerale.jpg\" alt=\"\" data-id=\"1152\" data-full-url=\"https:\/\/physioaktiv-schmieding.de\/wp-content\/uploads\/2020\/08\/Viszerale.jpg\" data-link=\"https:\/\/physioaktiv-schmieding.de\/?attachment_id=1152\" class=\"wp-image-1152\" srcset=\"https:\/\/physioaktiv-schmieding.de\/wp-content\/uploads\/2020\/08\/Viszerale.jpg 640w, https:\/\/physioaktiv-schmieding.de\/wp-content\/uploads\/2020\/08\/Viszerale-300x200.jpg 300w\" sizes=\"auto, (max-width: 640px) 100vw, 640px\" \/><\/figure><\/li><\/ul><\/figure>\n\n\n\n<p class=\"has-medium-font-size\">Die Viszerale Therapie ist das Zusammenf\u00fchren vom Bewegungsapparat mit dem Organsystem. Unsere Organe sind am Bewegungsapparat befestigt und bekommen so ihren Halt und ihren Platz im K\u00f6rper.<\/p>\n\n\n\n<p class=\"has-medium-font-size\">Die Behandlung soll nicht nur die Symptome lindern, sondern vor allem die Ursachen beheben, Ausl\u00f6ser der Beschwerden beseitigen, Schonhaltungen l\u00f6sen und somit dem Organismus wieder mehr Energie zur Verf\u00fcgung zu stellen, so dass alte Muster verschwinden und nach und nach weitere Ver\u00e4nderungen von selbst eintreten k\u00f6nnen.<\/p>\n\n\n\n<p class=\"has-medium-font-size\">Der Therapeut tastet (<em>palpiert<\/em>) die feinen Eigenbewegungen der Organe ab und macht sich so ein Bild \u00fcber den Druck im Bauchraum und die Beweglichkeit und Lage des jeweiligen Organs. Er kann nun das Organ mobilisieren und \u201eFehlstellungen\u201c direkt durch sanfte Bewegungen beheben, oder provokativ die Problematik verst\u00e4rken um damit Gef\u00e4\u00dfe und Nerven zu stimulieren (<em>indirekte Technik<\/em>). So wird die Eigendynamik des Organs wiederhergestellt und eine Balance zwischen inneren Organen und muskuloskelettalen System erreicht. Ligament\u00f6se Anheftungen der Organe k\u00f6nnen mobilisiert werden, Bindegewebsverklebungen gel\u00f6st, gestaute Gewebe drainiert und damit die Funktion der Organe unterst\u00fctzt werden. Die k\u00f6rpereigenen Selbstheilungskr\u00e4fte werden aktiviert und krankhafte Mechanismen aufgel\u00f6st. Zudem entspannt sich besonders das autonome Nervensystem bei einer Lockerung tiefer, chronischer Spannungen im Gewebe. Die beiden Anteile des autonomen Nervensystems (Sympathikus\/Parasympathikus) harmonisieren sich. Vor allem bei stressbezogenen Symptomen wie hohem Muskeltonus, Schlaflosigkeit usw..<\/p>\n","protected":false},"excerpt":{"rendered":"<p>Die Viszerale Therapie ist das Zusammenf\u00fchren vom Bewegungsapparat mit dem Organsystem. Unsere Organe sind am Bewegungsapparat befestigt und bekommen so ihren Halt und ihren Platz im K\u00f6rper. Die Behandlung soll nicht nur die Symptome lindern, sondern vor allem die Ursachen &hellip; <a href=\"https:\/\/physioaktiv-schmieding.de\/?page_id=1151\">Weiterlesen <span class=\"meta-nav\">&rarr;<\/span><\/a><\/p>\n","protected":false},"author":1,"featured_media":0,"parent":0,"menu_order":0,"comment_status":"closed","ping_status":"closed","template":"","meta":{"footnotes":""},"class_list":["post-1151","page","type-page","status-publish","hentry"],"_links":{"self":[{"href":"https:\/\/physioaktiv-schmieding.de\/index.php?rest_route=\/wp\/v2\/pages\/1151","targetHints":{"allow":["GET"]}}],"collection":[{"href":"https:\/\/physioaktiv-schmieding.de\/index.php?rest_route=\/wp\/v2\/pages"}],"about":[{"href":"https:\/\/physioaktiv-schmieding.de\/index.php?rest_route=\/wp\/v2\/types\/page"}],"author":[{"embeddable":true,"href":"https:\/\/physioaktiv-schmieding.de\/index.php?rest_route=\/wp\/v2\/users\/1"}],"replies":[{"embeddable":true,"href":"https:\/\/physioaktiv-schmieding.de\/index.php?rest_route=%2Fwp%2Fv2%2Fcomments&post=1151"}],"version-history":[{"count":1,"href":"https:\/\/physioaktiv-schmieding.de\/index.php?rest_route=\/wp\/v2\/pages\/1151\/revisions"}],"predecessor-version":[{"id":1153,"href":"https:\/\/physioaktiv-schmieding.de\/index.php?rest_route=\/wp\/v2\/pages\/1151\/revisions\/1153"}],"wp:attachment":[{"href":"https:\/\/physioaktiv-schmieding.de\/index.php?rest_route=%2Fwp%2Fv2%2Fmedia&parent=1151"}],"curies":[{"name":"wp","href":"https:\/\/api.w.org\/{rel}","templated":true}]}}