{"id":1143,"date":"2020-08-19T13:07:02","date_gmt":"2020-08-19T11:07:02","guid":{"rendered":"https:\/\/physioaktiv-schmieding.de\/?page_id=1143"},"modified":"2020-08-19T13:07:02","modified_gmt":"2020-08-19T11:07:02","slug":"kinesiologisches-taping","status":"publish","type":"page","link":"https:\/\/physioaktiv-schmieding.de\/?page_id=1143","title":{"rendered":"Kinesiologisches Taping"},"content":{"rendered":"\n<p><strong>(funktionelle Verb\u00e4nde)<\/strong><\/p>\n\n\n\n<figure class=\"wp-block-gallery aligncenter columns-1 is-cropped wp-block-gallery-1 is-layout-flex wp-block-gallery-is-layout-flex\"><ul class=\"blocks-gallery-grid\"><li class=\"blocks-gallery-item\"><figure><img loading=\"lazy\" decoding=\"async\" width=\"400\" height=\"250\" src=\"https:\/\/physioaktiv-schmieding.de\/wp-content\/uploads\/2020\/08\/Tape.jpg\" alt=\"\" data-id=\"1144\" data-full-url=\"https:\/\/physioaktiv-schmieding.de\/wp-content\/uploads\/2020\/08\/Tape.jpg\" data-link=\"https:\/\/physioaktiv-schmieding.de\/?attachment_id=1144\" class=\"wp-image-1144\" srcset=\"https:\/\/physioaktiv-schmieding.de\/wp-content\/uploads\/2020\/08\/Tape.jpg 400w, https:\/\/physioaktiv-schmieding.de\/wp-content\/uploads\/2020\/08\/Tape-300x188.jpg 300w\" sizes=\"auto, (max-width: 400px) 100vw, 400px\" \/><\/figure><\/li><\/ul><\/figure>\n\n\n\n<p class=\"has-medium-font-size\">Bei einem <strong>kinesiologischen Tape<\/strong> handelt es sich um ein elastisches, selbstklebendes, therapeutisches Tape aus einem dehnbaren, textilen Material, auf das ein Polyacrylatkleber aufgebracht ist. Unter Anwendung spezieller, unterschiedlicher Techniken (&#8222;Taping&#8220;) wird dieses Tape auf die Haut aufgebracht und soll dort unterschiedliche Wirkungen erzielen.<\/p>\n\n\n\n<p class=\"has-medium-font-size\"><strong><em>Folgende Effekte sind m\u00f6glich:<\/em><\/strong><\/p>\n\n\n\n<ol class=\"wp-block-list\"><li><strong>Positive Ver\u00e4nderung der Muskelaktivit\u00e4t, Muskelspannung (Tonusregulierung), Muskelfunktion<\/strong><\/li><li><strong>Unterst\u00fctzung der Gelenkfunktion<\/strong><\/li><li><strong>Aktivierung des endogenen analgetischen Systems (Schmerzreduktion)<\/strong><\/li><li><strong>Entlastung des Gewebes nach Sch\u00e4digung (z.B. Reduktion von Entz\u00fcndungsreaktionen, Verbesserung der Fl\u00fcssigkeitszirkulation)<\/strong><\/li><\/ol>\n\n\n\n<p class=\"has-medium-font-size\"><strong><em>Anwendungsbeispiele:<\/em><\/strong><\/p>\n\n\n\n<ol class=\"wp-block-list\"><li><strong>R\u00fcckenschmerzen (z.B. Lumbago, HWS-Syndrom, Ischialgie)<\/strong><\/li><li><strong>Muskelverletzungen und -beschwerden (Zerrungen, Faserrisse, Atrophien, Tonusver\u00e4nderungen, Dysbalancen)<\/strong><\/li><li><strong>Schulterbeschwerden (z.B. Impingementsyndrom der Schulter)<\/strong><\/li><li><strong>Gelenkbeschwerden (z.B. Bandverletzungen, Instabilit\u00e4ten, Arthrose, Schwellungen)<\/strong><\/li><li><strong>uvm.<\/strong><\/li><\/ol>\n","protected":false},"excerpt":{"rendered":"<p>(funktionelle Verb\u00e4nde) Bei einem kinesiologischen Tape handelt es sich um ein elastisches, selbstklebendes, therapeutisches Tape aus einem dehnbaren, textilen Material, auf das ein Polyacrylatkleber aufgebracht ist. Unter Anwendung spezieller, unterschiedlicher Techniken (&#8222;Taping&#8220;) wird dieses Tape auf die Haut aufgebracht und &hellip; <a href=\"https:\/\/physioaktiv-schmieding.de\/?page_id=1143\">Weiterlesen <span class=\"meta-nav\">&rarr;<\/span><\/a><\/p>\n","protected":false},"author":1,"featured_media":0,"parent":0,"menu_order":0,"comment_status":"closed","ping_status":"closed","template":"","meta":{"footnotes":""},"class_list":["post-1143","page","type-page","status-publish","hentry"],"_links":{"self":[{"href":"https:\/\/physioaktiv-schmieding.de\/index.php?rest_route=\/wp\/v2\/pages\/1143","targetHints":{"allow":["GET"]}}],"collection":[{"href":"https:\/\/physioaktiv-schmieding.de\/index.php?rest_route=\/wp\/v2\/pages"}],"about":[{"href":"https:\/\/physioaktiv-schmieding.de\/index.php?rest_route=\/wp\/v2\/types\/page"}],"author":[{"embeddable":true,"href":"https:\/\/physioaktiv-schmieding.de\/index.php?rest_route=\/wp\/v2\/users\/1"}],"replies":[{"embeddable":true,"href":"https:\/\/physioaktiv-schmieding.de\/index.php?rest_route=%2Fwp%2Fv2%2Fcomments&post=1143"}],"version-history":[{"count":1,"href":"https:\/\/physioaktiv-schmieding.de\/index.php?rest_route=\/wp\/v2\/pages\/1143\/revisions"}],"predecessor-version":[{"id":1145,"href":"https:\/\/physioaktiv-schmieding.de\/index.php?rest_route=\/wp\/v2\/pages\/1143\/revisions\/1145"}],"wp:attachment":[{"href":"https:\/\/physioaktiv-schmieding.de\/index.php?rest_route=%2Fwp%2Fv2%2Fmedia&parent=1143"}],"curies":[{"name":"wp","href":"https:\/\/api.w.org\/{rel}","templated":true}]}}