{"id":1139,"date":"2020-08-19T13:02:09","date_gmt":"2020-08-19T11:02:09","guid":{"rendered":"https:\/\/physioaktiv-schmieding.de\/?page_id=1139"},"modified":"2020-08-19T13:02:09","modified_gmt":"2020-08-19T11:02:09","slug":"schlingentisch","status":"publish","type":"page","link":"https:\/\/physioaktiv-schmieding.de\/?page_id=1139","title":{"rendered":"Schlingentisch"},"content":{"rendered":"\n<figure class=\"wp-block-gallery aligncenter columns-1 is-cropped wp-block-gallery-1 is-layout-flex wp-block-gallery-is-layout-flex\"><ul class=\"blocks-gallery-grid\"><li class=\"blocks-gallery-item\"><figure><img loading=\"lazy\" decoding=\"async\" width=\"474\" height=\"288\" src=\"https:\/\/physioaktiv-schmieding.de\/wp-content\/uploads\/2020\/08\/Schlinge.jpg\" alt=\"\" data-id=\"1140\" data-full-url=\"https:\/\/physioaktiv-schmieding.de\/wp-content\/uploads\/2020\/08\/Schlinge.jpg\" data-link=\"https:\/\/physioaktiv-schmieding.de\/?attachment_id=1140\" class=\"wp-image-1140\" srcset=\"https:\/\/physioaktiv-schmieding.de\/wp-content\/uploads\/2020\/08\/Schlinge.jpg 474w, https:\/\/physioaktiv-schmieding.de\/wp-content\/uploads\/2020\/08\/Schlinge-300x182.jpg 300w\" sizes=\"auto, (max-width: 474px) 100vw, 474px\" \/><\/figure><\/li><\/ul><\/figure>\n\n\n\n<p class=\"has-medium-font-size\">Die Therapie im <strong>Schlingentisch<\/strong> dient vornehmlich der Entlastung verschiedener K\u00f6rperteile.<br>So ist es m\u00f6glich die Eigenschwere der Extremit\u00e4ten oder des Rumpfes aufzuheben, sodass Bewegungen schon mit minimalen Kraftaufwendungen m\u00f6glich sind (\u00e4hnlich Bewegungsbad).<\/p>\n\n\n\n<p class=\"has-medium-font-size\">Das hat den Vorteil, dass nichtbelastungsf\u00e4hige Gelenke oder Extremit\u00e4ten schon recht fr\u00fch funktionell trainiert werden k\u00f6nnen und die gute Stoffwechselversorgung f\u00fcr optimale Wundheilungsvorg\u00e4nge sorgen kann.<\/p>\n\n\n\n<p class=\"has-medium-font-size\">Beispielsweise wird der Arm nach einer Schulteroperation an mehreren Punkten aufgeh\u00e4ngt, der Patient kann v\u00f6llig entspannen und aus dieser schwerelosen Position schmerzfreie oder -arme Bewegungen mit geringer Belastung durchf\u00fchren. Auf unserem Bild sehen Sie eine bew\u00e4hrte Aufh\u00e4ngung des Beckens und der Beine.<\/p>\n","protected":false},"excerpt":{"rendered":"<p>Die Therapie im Schlingentisch dient vornehmlich der Entlastung verschiedener K\u00f6rperteile.So ist es m\u00f6glich die Eigenschwere der Extremit\u00e4ten oder des Rumpfes aufzuheben, sodass Bewegungen schon mit minimalen Kraftaufwendungen m\u00f6glich sind (\u00e4hnlich Bewegungsbad). Das hat den Vorteil, dass nichtbelastungsf\u00e4hige Gelenke oder Extremit\u00e4ten &hellip; <a href=\"https:\/\/physioaktiv-schmieding.de\/?page_id=1139\">Weiterlesen <span class=\"meta-nav\">&rarr;<\/span><\/a><\/p>\n","protected":false},"author":1,"featured_media":0,"parent":0,"menu_order":0,"comment_status":"closed","ping_status":"closed","template":"","meta":{"footnotes":""},"class_list":["post-1139","page","type-page","status-publish","hentry"],"_links":{"self":[{"href":"https:\/\/physioaktiv-schmieding.de\/index.php?rest_route=\/wp\/v2\/pages\/1139","targetHints":{"allow":["GET"]}}],"collection":[{"href":"https:\/\/physioaktiv-schmieding.de\/index.php?rest_route=\/wp\/v2\/pages"}],"about":[{"href":"https:\/\/physioaktiv-schmieding.de\/index.php?rest_route=\/wp\/v2\/types\/page"}],"author":[{"embeddable":true,"href":"https:\/\/physioaktiv-schmieding.de\/index.php?rest_route=\/wp\/v2\/users\/1"}],"replies":[{"embeddable":true,"href":"https:\/\/physioaktiv-schmieding.de\/index.php?rest_route=%2Fwp%2Fv2%2Fcomments&post=1139"}],"version-history":[{"count":1,"href":"https:\/\/physioaktiv-schmieding.de\/index.php?rest_route=\/wp\/v2\/pages\/1139\/revisions"}],"predecessor-version":[{"id":1141,"href":"https:\/\/physioaktiv-schmieding.de\/index.php?rest_route=\/wp\/v2\/pages\/1139\/revisions\/1141"}],"wp:attachment":[{"href":"https:\/\/physioaktiv-schmieding.de\/index.php?rest_route=%2Fwp%2Fv2%2Fmedia&parent=1139"}],"curies":[{"name":"wp","href":"https:\/\/api.w.org\/{rel}","templated":true}]}}