{"id":1134,"date":"2020-08-19T12:58:32","date_gmt":"2020-08-19T10:58:32","guid":{"rendered":"https:\/\/physioaktiv-schmieding.de\/?page_id=1134"},"modified":"2020-08-19T13:00:11","modified_gmt":"2020-08-19T11:00:11","slug":"wirbelsaeulentherapie","status":"publish","type":"page","link":"https:\/\/physioaktiv-schmieding.de\/?page_id=1134","title":{"rendered":"Wirbels\u00e4ulentherapie"},"content":{"rendered":"\n<p><strong>(nach Dorn &amp; Breu\u00df)<\/strong><\/p>\n\n\n\n<figure class=\"wp-block-gallery aligncenter columns-1 is-cropped wp-block-gallery-1 is-layout-flex wp-block-gallery-is-layout-flex\"><ul class=\"blocks-gallery-grid\"><li class=\"blocks-gallery-item\"><figure><img loading=\"lazy\" decoding=\"async\" width=\"558\" height=\"196\" src=\"https:\/\/physioaktiv-schmieding.de\/wp-content\/uploads\/2020\/08\/Dorn.jpg\" alt=\"\" data-id=\"1135\" data-full-url=\"https:\/\/physioaktiv-schmieding.de\/wp-content\/uploads\/2020\/08\/Dorn.jpg\" data-link=\"https:\/\/physioaktiv-schmieding.de\/?attachment_id=1135\" class=\"wp-image-1135\" srcset=\"https:\/\/physioaktiv-schmieding.de\/wp-content\/uploads\/2020\/08\/Dorn.jpg 558w, https:\/\/physioaktiv-schmieding.de\/wp-content\/uploads\/2020\/08\/Dorn-300x105.jpg 300w\" sizes=\"auto, (max-width: 558px) 100vw, 558px\" \/><\/figure><\/li><\/ul><\/figure>\n\n\n\n<p class=\"has-medium-font-size\">Die Dorn-Methode ist eine vom Allg\u00e4uer Volksheiler Dieter Dorn um 1975 entwickelte komplement\u00e4rmedizinische manuelle Methode, die auch Elemente der Traditionellen Chinesischen Medizin (TCM) einbezieht. Bewegungsmangel und Fehlbelastungen f\u00fchren zu Fehlstellungen der Wirbels\u00e4ule und des Beckens, sind Ursache der meisten R\u00fcckenprobleme, aber auch zahlreicher anderer Beschwerden. In der Dorn-Therapie werden verschobene Wirbel ertastet und mit gezieltem Druck des Therapeuten zusammen mit der Eigenbewegung des Patienten wieder in die richtige Position gebracht.<\/p>\n\n\n\n<p class=\"has-medium-font-size\">Die Technik ist \u00fcberaus wirksam, denn sie nimmt mit der Wirbelkorrektur \u00fcber reflexzonenartige Effekte auch Einfluss auf die inneren Organe, die Meridiane und die Psyche.<\/p>\n\n\n\n<p class=\"has-medium-font-size\"><strong>Anwendungsgebiete f\u00fcr die Dornmethode:<\/strong><\/p>\n\n\n\n<ol class=\"wp-block-list\"><li><strong>Ischialgien<\/strong><\/li><li><strong>HWS-Syndrom<\/strong> <strong>(Halswirbels\u00e4ule)<\/strong><\/li><li><strong>Beschwerden im Ledenwirbels\u00e4ulenbereich (LWS)<\/strong><\/li><li><strong>Beschwerden im Brustwirbels\u00e4ulenbereich (BWS), wie z.B. taube Fingerspitzen, eingeschlafene H\u00e4nde<\/strong><\/li><li><strong>Zittern der H\u00e4nde<\/strong><\/li><li><strong>Migr\u00e4ne<\/strong><\/li><li><strong>Tinnitus<\/strong><\/li><li><strong>Skoliosen der Wirbels\u00e4ule<\/strong><\/li><li><strong>Blockierungen einzelner Wirbel<\/strong><\/li><li><strong>Beinl\u00e4ngenunterschiede<\/strong><\/li><\/ol>\n\n\n\n<p class=\"has-medium-font-size\"><strong>Methode nach Breu\u00df<\/strong><br><br>Die Massage nach Rudolf Breu\u00df ist eine \u00e4u\u00dferst sanfte Behandlung, die seelische und k\u00f6rperliche Verspannungen l\u00f6st. Durch vorsichtiges Dehnen der Wirbels\u00e4ule werden die Zwischenwirbelscheiben &#8222;bel\u00fcftet&#8220;.\u00a0Damit wird die Regeneration der unterversorgten Bandscheiben eingeleitet. Eine sehr sanfte Massageform und damit eine gute Alternative bei Osteoporosepatienten.<\/p>\n","protected":false},"excerpt":{"rendered":"<p>(nach Dorn &amp; Breu\u00df) Die Dorn-Methode ist eine vom Allg\u00e4uer Volksheiler Dieter Dorn um 1975 entwickelte komplement\u00e4rmedizinische manuelle Methode, die auch Elemente der Traditionellen Chinesischen Medizin (TCM) einbezieht. Bewegungsmangel und Fehlbelastungen f\u00fchren zu Fehlstellungen der Wirbels\u00e4ule und des Beckens, sind &hellip; <a href=\"https:\/\/physioaktiv-schmieding.de\/?page_id=1134\">Weiterlesen <span class=\"meta-nav\">&rarr;<\/span><\/a><\/p>\n","protected":false},"author":1,"featured_media":0,"parent":0,"menu_order":0,"comment_status":"closed","ping_status":"closed","template":"","meta":{"footnotes":""},"class_list":["post-1134","page","type-page","status-publish","hentry"],"_links":{"self":[{"href":"https:\/\/physioaktiv-schmieding.de\/index.php?rest_route=\/wp\/v2\/pages\/1134","targetHints":{"allow":["GET"]}}],"collection":[{"href":"https:\/\/physioaktiv-schmieding.de\/index.php?rest_route=\/wp\/v2\/pages"}],"about":[{"href":"https:\/\/physioaktiv-schmieding.de\/index.php?rest_route=\/wp\/v2\/types\/page"}],"author":[{"embeddable":true,"href":"https:\/\/physioaktiv-schmieding.de\/index.php?rest_route=\/wp\/v2\/users\/1"}],"replies":[{"embeddable":true,"href":"https:\/\/physioaktiv-schmieding.de\/index.php?rest_route=%2Fwp%2Fv2%2Fcomments&post=1134"}],"version-history":[{"count":2,"href":"https:\/\/physioaktiv-schmieding.de\/index.php?rest_route=\/wp\/v2\/pages\/1134\/revisions"}],"predecessor-version":[{"id":1138,"href":"https:\/\/physioaktiv-schmieding.de\/index.php?rest_route=\/wp\/v2\/pages\/1134\/revisions\/1138"}],"wp:attachment":[{"href":"https:\/\/physioaktiv-schmieding.de\/index.php?rest_route=%2Fwp%2Fv2%2Fmedia&parent=1134"}],"curies":[{"name":"wp","href":"https:\/\/api.w.org\/{rel}","templated":true}]}}