{"id":1130,"date":"2020-08-19T12:54:20","date_gmt":"2020-08-19T10:54:20","guid":{"rendered":"https:\/\/physioaktiv-schmieding.de\/?page_id=1130"},"modified":"2020-08-19T12:54:20","modified_gmt":"2020-08-19T10:54:20","slug":"fussreflexzonenmassage","status":"publish","type":"page","link":"https:\/\/physioaktiv-schmieding.de\/?page_id=1130","title":{"rendered":"Fu\u00dfreflexzonenmassage"},"content":{"rendered":"\n<figure class=\"wp-block-gallery aligncenter columns-1 is-cropped wp-block-gallery-1 is-layout-flex wp-block-gallery-is-layout-flex\"><ul class=\"blocks-gallery-grid\"><li class=\"blocks-gallery-item\"><figure><img loading=\"lazy\" decoding=\"async\" width=\"984\" height=\"1024\" src=\"https:\/\/physioaktiv-schmieding.de\/wp-content\/uploads\/2020\/08\/FRZ-984x1024.jpg\" alt=\"\" data-id=\"1131\" data-full-url=\"https:\/\/physioaktiv-schmieding.de\/wp-content\/uploads\/2020\/08\/FRZ.jpg\" data-link=\"https:\/\/physioaktiv-schmieding.de\/?attachment_id=1131\" class=\"wp-image-1131\" srcset=\"https:\/\/physioaktiv-schmieding.de\/wp-content\/uploads\/2020\/08\/FRZ-984x1024.jpg 984w, https:\/\/physioaktiv-schmieding.de\/wp-content\/uploads\/2020\/08\/FRZ-288x300.jpg 288w, https:\/\/physioaktiv-schmieding.de\/wp-content\/uploads\/2020\/08\/FRZ-768x799.jpg 768w, https:\/\/physioaktiv-schmieding.de\/wp-content\/uploads\/2020\/08\/FRZ.jpg 1144w\" sizes=\"auto, (max-width: 984px) 100vw, 984px\" \/><\/figure><\/li><\/ul><\/figure>\n\n\n\n<p class=\"has-medium-font-size\">Die Fu\u00dfreflexzonenmassage ist eine bestimmte Massagetechnik, bei der man spezielle Bereiche der Fu\u00dfsohle (die sogenannten Fu\u00dfreflexzonen) massiert. \u00d6rtlich verbessert dies die Durchblutung des Fu\u00dfes. Der Zweck der Massage geht aber dar\u00fcber hinaus.<\/p>\n\n\n\n<p class=\"has-medium-font-size\">Bei der Fu\u00dfreflexzonenmassage setzt der Therapeut mit der Hand oder den Fingern bestimmte Griffe an den Fu\u00dfreflexzonen an und \u00fcbt dort durch Massage Reize aus. Diese Grifftechnik beruht auf der Vorstellung, dass der <strong>Fu\u00df <\/strong>in<strong> Wechselbeziehung zum ganzen K\u00f6rper<\/strong> steht. Die einzelnen Reflexzonen am Fu\u00df sind dabei bestimmten Organen zugeordnet: Demnach ist es m\u00f6glich, \u00fcber die Massage der entsprechenden Fu\u00dfreflexzone auf das jeweilige Organ therapeutisch einzuwirken, es also positiv zu beeinflussen und so Erkrankungen zu lindern.<\/p>\n","protected":false},"excerpt":{"rendered":"<p>Die Fu\u00dfreflexzonenmassage ist eine bestimmte Massagetechnik, bei der man spezielle Bereiche der Fu\u00dfsohle (die sogenannten Fu\u00dfreflexzonen) massiert. \u00d6rtlich verbessert dies die Durchblutung des Fu\u00dfes. Der Zweck der Massage geht aber dar\u00fcber hinaus. Bei der Fu\u00dfreflexzonenmassage setzt der Therapeut mit der &hellip; <a href=\"https:\/\/physioaktiv-schmieding.de\/?page_id=1130\">Weiterlesen <span class=\"meta-nav\">&rarr;<\/span><\/a><\/p>\n","protected":false},"author":1,"featured_media":0,"parent":0,"menu_order":0,"comment_status":"closed","ping_status":"closed","template":"","meta":{"footnotes":""},"class_list":["post-1130","page","type-page","status-publish","hentry"],"_links":{"self":[{"href":"https:\/\/physioaktiv-schmieding.de\/index.php?rest_route=\/wp\/v2\/pages\/1130","targetHints":{"allow":["GET"]}}],"collection":[{"href":"https:\/\/physioaktiv-schmieding.de\/index.php?rest_route=\/wp\/v2\/pages"}],"about":[{"href":"https:\/\/physioaktiv-schmieding.de\/index.php?rest_route=\/wp\/v2\/types\/page"}],"author":[{"embeddable":true,"href":"https:\/\/physioaktiv-schmieding.de\/index.php?rest_route=\/wp\/v2\/users\/1"}],"replies":[{"embeddable":true,"href":"https:\/\/physioaktiv-schmieding.de\/index.php?rest_route=%2Fwp%2Fv2%2Fcomments&post=1130"}],"version-history":[{"count":1,"href":"https:\/\/physioaktiv-schmieding.de\/index.php?rest_route=\/wp\/v2\/pages\/1130\/revisions"}],"predecessor-version":[{"id":1132,"href":"https:\/\/physioaktiv-schmieding.de\/index.php?rest_route=\/wp\/v2\/pages\/1130\/revisions\/1132"}],"wp:attachment":[{"href":"https:\/\/physioaktiv-schmieding.de\/index.php?rest_route=%2Fwp%2Fv2%2Fmedia&parent=1130"}],"curies":[{"name":"wp","href":"https:\/\/api.w.org\/{rel}","templated":true}]}}