{"id":1126,"date":"2020-08-19T12:51:47","date_gmt":"2020-08-19T10:51:47","guid":{"rendered":"https:\/\/physioaktiv-schmieding.de\/?page_id=1126"},"modified":"2020-08-19T12:51:47","modified_gmt":"2020-08-19T10:51:47","slug":"atlas-therapie","status":"publish","type":"page","link":"https:\/\/physioaktiv-schmieding.de\/?page_id=1126","title":{"rendered":"Atlas-Therapie"},"content":{"rendered":"\n<figure class=\"wp-block-gallery aligncenter columns-1 is-cropped wp-block-gallery-1 is-layout-flex wp-block-gallery-is-layout-flex\"><ul class=\"blocks-gallery-grid\"><li class=\"blocks-gallery-item\"><figure><img loading=\"lazy\" decoding=\"async\" width=\"770\" height=\"280\" src=\"https:\/\/physioaktiv-schmieding.de\/wp-content\/uploads\/2020\/08\/Atlas.jpg\" alt=\"\" data-id=\"1127\" data-full-url=\"https:\/\/physioaktiv-schmieding.de\/wp-content\/uploads\/2020\/08\/Atlas.jpg\" data-link=\"https:\/\/physioaktiv-schmieding.de\/?attachment_id=1127\" class=\"wp-image-1127\" srcset=\"https:\/\/physioaktiv-schmieding.de\/wp-content\/uploads\/2020\/08\/Atlas.jpg 770w, https:\/\/physioaktiv-schmieding.de\/wp-content\/uploads\/2020\/08\/Atlas-300x109.jpg 300w, https:\/\/physioaktiv-schmieding.de\/wp-content\/uploads\/2020\/08\/Atlas-768x279.jpg 768w\" sizes=\"auto, (max-width: 770px) 100vw, 770px\" \/><\/figure><\/li><\/ul><\/figure>\n\n\n\n<p class=\"has-medium-font-size\"><strong>Atlas <\/strong>hei\u00dft in der griechischen Sage der Titan, der das Himmelsgew\u00f6lbe tr\u00e4gt, &#8211; im medizinischen Sprachgebrauch wird der erste Halswirbel Atlas genannt: er tr\u00e4gt den Kopf und hat nach oben Gelenkkontakt mit der Sch\u00e4delbasis, nach unten mit dem Axis, dem zweiten Halswirbel. Mit diesen Nachbarn ist er durch Kapseln, B\u00e4nder und ein ganz spezielles, sehr wichtiges Muskelsystem verbunden.<\/p>\n\n\n\n<p class=\"has-medium-font-size\">Es wird auf die Kapseln und besonders auf jenes spezielle Muskelsystem, das Hinterhaupt, Atlas und 2. Halswirbel (Axis) Einfluss genommen. In diesen Muskeln aber sind sog. F\u00fchler angesiedelt, auch Rezeptoren oder Sensoren genannt, welche u. a. die Stellung des K\u00f6rpers im Raum und den Spannungszustand des Muskel- und Sehnensystems registrieren. Diese Rezeptoren korrespondieren mit dem Gleichgewichtsorgan im Innenohr und haben direkte Verbindungen zu bestimmten Hirnzentren, in denen die Raumorientierung geplant wird mit Einfluss auf die Grob \u2013 und Feinmotorik, somit auch die Steuerung der Muskeln f\u00fcr Haltung und Bewegung. Ebenso haben sie direkten Kontakt zu Hirnzonen, in denen Schmerzsignale aus dem Bewegungssystem verarbeitet werden.<\/p>\n\n\n\n<p class=\"has-medium-font-size\">Diese Rezeptoren stellen also ein <strong><em>Wahrnehmungsorgan<\/em><\/strong> dar, das Informationen zum Gehirn sendet, wo sie zu entsprechenden Reaktionen verarbeitet werden.<\/p>\n\n\n\n<p class=\"has-medium-font-size\">Bei krankhaften Zust\u00e4nden werden &#8222;falsche&#8220; Informationen weitergegeben, wie zum Beispiel bei Bewegungsst\u00f6rungen; oder es werden Signale weitergeleitet, die einen St\u00f6rprozess signalisieren, wie das bei Schmerzzust\u00e4nden der Fall ist.<\/p>\n\n\n\n<p class=\"has-medium-font-size\">Die <strong>Atlastherapie<\/strong> ist eine M\u00f6glichkeit, eine fehlerhafte Informationsverarbeitung zu korrigieren und den krankhaften Zustand zu bessern oder zu beheben.<\/p>\n","protected":false},"excerpt":{"rendered":"<p>Atlas hei\u00dft in der griechischen Sage der Titan, der das Himmelsgew\u00f6lbe tr\u00e4gt, &#8211; im medizinischen Sprachgebrauch wird der erste Halswirbel Atlas genannt: er tr\u00e4gt den Kopf und hat nach oben Gelenkkontakt mit der Sch\u00e4delbasis, nach unten mit dem Axis, dem &hellip; <a href=\"https:\/\/physioaktiv-schmieding.de\/?page_id=1126\">Weiterlesen <span class=\"meta-nav\">&rarr;<\/span><\/a><\/p>\n","protected":false},"author":1,"featured_media":0,"parent":0,"menu_order":0,"comment_status":"closed","ping_status":"closed","template":"","meta":{"footnotes":""},"class_list":["post-1126","page","type-page","status-publish","hentry"],"_links":{"self":[{"href":"https:\/\/physioaktiv-schmieding.de\/index.php?rest_route=\/wp\/v2\/pages\/1126","targetHints":{"allow":["GET"]}}],"collection":[{"href":"https:\/\/physioaktiv-schmieding.de\/index.php?rest_route=\/wp\/v2\/pages"}],"about":[{"href":"https:\/\/physioaktiv-schmieding.de\/index.php?rest_route=\/wp\/v2\/types\/page"}],"author":[{"embeddable":true,"href":"https:\/\/physioaktiv-schmieding.de\/index.php?rest_route=\/wp\/v2\/users\/1"}],"replies":[{"embeddable":true,"href":"https:\/\/physioaktiv-schmieding.de\/index.php?rest_route=%2Fwp%2Fv2%2Fcomments&post=1126"}],"version-history":[{"count":1,"href":"https:\/\/physioaktiv-schmieding.de\/index.php?rest_route=\/wp\/v2\/pages\/1126\/revisions"}],"predecessor-version":[{"id":1128,"href":"https:\/\/physioaktiv-schmieding.de\/index.php?rest_route=\/wp\/v2\/pages\/1126\/revisions\/1128"}],"wp:attachment":[{"href":"https:\/\/physioaktiv-schmieding.de\/index.php?rest_route=%2Fwp%2Fv2%2Fmedia&parent=1126"}],"curies":[{"name":"wp","href":"https:\/\/api.w.org\/{rel}","templated":true}]}}