{"id":1122,"date":"2020-08-19T12:48:10","date_gmt":"2020-08-19T10:48:10","guid":{"rendered":"https:\/\/physioaktiv-schmieding.de\/?page_id=1122"},"modified":"2020-08-19T12:48:10","modified_gmt":"2020-08-19T10:48:10","slug":"cranio-sacrale-methode","status":"publish","type":"page","link":"https:\/\/physioaktiv-schmieding.de\/?page_id=1122","title":{"rendered":"Cranio-Sacrale Methode"},"content":{"rendered":"\n<figure class=\"wp-block-gallery aligncenter columns-1 is-cropped wp-block-gallery-1 is-layout-flex wp-block-gallery-is-layout-flex\"><ul class=\"blocks-gallery-grid\"><li class=\"blocks-gallery-item\"><figure><img loading=\"lazy\" decoding=\"async\" width=\"300\" height=\"180\" src=\"https:\/\/physioaktiv-schmieding.de\/wp-content\/uploads\/2020\/08\/Cranio.jpg\" alt=\"\" data-id=\"1123\" data-full-url=\"https:\/\/physioaktiv-schmieding.de\/wp-content\/uploads\/2020\/08\/Cranio.jpg\" data-link=\"https:\/\/physioaktiv-schmieding.de\/?attachment_id=1123\" class=\"wp-image-1123\"\/><\/figure><\/li><\/ul><\/figure>\n\n\n\n<p class=\"has-medium-font-size\">Die Cranio-Sacrale Methode beruht auf den Prinzipien der Osteopathie.<\/p>\n\n\n\n<p class=\"has-text-align-center has-medium-font-size\"><strong><em>K\u00f6rper, Seele und Geist ist eine Einheit.<\/em><\/strong><\/p>\n\n\n\n<p class=\"has-medium-font-size\">Die Cranio-Sacrale ist eine Methode Spannungen zu l\u00f6sen und Selbstheilungskr\u00e4fte zu aktivieren und zu st\u00e4rken. Durch <strong>gezielte achtsame Ber\u00fchrungen<\/strong> entsteht eine Art Dialog zwischen den H\u00e4nden Ihres Therapeuten, Ihnen und Ihrem K\u00f6rper.<\/p>\n\n\n\n<p class=\"has-medium-font-size\">Oft entstehen dabei auch l\u00e4ngere ruhige Momente.<\/p>\n\n\n\n<p class=\"has-medium-font-size\">Ihre Selbstwahrnehmung kann auch inneren, emotionalen Prozessen Raum und zugleich Halt bieten.<\/p>\n\n\n\n<p class=\"has-medium-font-size\">Im Anschluss an eine Cranio-Sitzung f\u00fchlen Klienten sich oft entspannter, energiereicher und lebendiger.<\/p>\n\n\n\n<p class=\"has-medium-font-size\">Anwendungsgebiete sind z.B.:<\/p>\n\n\n\n<ol class=\"wp-block-list\"><li>Zur <strong>Schmerzbew\u00e4ltigung<\/strong> bei Migr\u00e4ne, Gelenk-, Muskel-, Kopf- und R\u00fcckenschmerzen<\/li><li>Zur <strong>Stabilisierung<\/strong> nach k\u00f6rperlichen Verletzungen oder emotionalen Traumata<\/li><li>Zur <strong>Erholung<\/strong> und tiefen <strong>Regeneration<\/strong> bei Stress und Ersch\u00f6pfung<\/li><li>Zur <strong>Unterst\u00fctzung<\/strong> in belastenden Lebenssituationen<\/li><li>Zur <strong>Behandlung<\/strong> von psychosomatischen Beschwerden<\/li><\/ol>\n","protected":false},"excerpt":{"rendered":"<p>Die Cranio-Sacrale Methode beruht auf den Prinzipien der Osteopathie. K\u00f6rper, Seele und Geist ist eine Einheit. Die Cranio-Sacrale ist eine Methode Spannungen zu l\u00f6sen und Selbstheilungskr\u00e4fte zu aktivieren und zu st\u00e4rken. Durch gezielte achtsame Ber\u00fchrungen entsteht eine Art Dialog zwischen &hellip; <a href=\"https:\/\/physioaktiv-schmieding.de\/?page_id=1122\">Weiterlesen <span class=\"meta-nav\">&rarr;<\/span><\/a><\/p>\n","protected":false},"author":1,"featured_media":0,"parent":0,"menu_order":0,"comment_status":"closed","ping_status":"closed","template":"","meta":{"footnotes":""},"class_list":["post-1122","page","type-page","status-publish","hentry"],"_links":{"self":[{"href":"https:\/\/physioaktiv-schmieding.de\/index.php?rest_route=\/wp\/v2\/pages\/1122","targetHints":{"allow":["GET"]}}],"collection":[{"href":"https:\/\/physioaktiv-schmieding.de\/index.php?rest_route=\/wp\/v2\/pages"}],"about":[{"href":"https:\/\/physioaktiv-schmieding.de\/index.php?rest_route=\/wp\/v2\/types\/page"}],"author":[{"embeddable":true,"href":"https:\/\/physioaktiv-schmieding.de\/index.php?rest_route=\/wp\/v2\/users\/1"}],"replies":[{"embeddable":true,"href":"https:\/\/physioaktiv-schmieding.de\/index.php?rest_route=%2Fwp%2Fv2%2Fcomments&post=1122"}],"version-history":[{"count":1,"href":"https:\/\/physioaktiv-schmieding.de\/index.php?rest_route=\/wp\/v2\/pages\/1122\/revisions"}],"predecessor-version":[{"id":1124,"href":"https:\/\/physioaktiv-schmieding.de\/index.php?rest_route=\/wp\/v2\/pages\/1122\/revisions\/1124"}],"wp:attachment":[{"href":"https:\/\/physioaktiv-schmieding.de\/index.php?rest_route=%2Fwp%2Fv2%2Fmedia&parent=1122"}],"curies":[{"name":"wp","href":"https:\/\/api.w.org\/{rel}","templated":true}]}}