{"id":1114,"date":"2020-08-19T12:40:23","date_gmt":"2020-08-19T10:40:23","guid":{"rendered":"https:\/\/physioaktiv-schmieding.de\/?page_id=1114"},"modified":"2020-08-19T12:40:23","modified_gmt":"2020-08-19T10:40:23","slug":"schroepfmassage","status":"publish","type":"page","link":"https:\/\/physioaktiv-schmieding.de\/?page_id=1114","title":{"rendered":"Schr\u00f6pfmassage"},"content":{"rendered":"\n<figure class=\"wp-block-gallery aligncenter columns-1 is-cropped wp-block-gallery-1 is-layout-flex wp-block-gallery-is-layout-flex\"><ul class=\"blocks-gallery-grid\"><li class=\"blocks-gallery-item\"><figure><img loading=\"lazy\" decoding=\"async\" width=\"500\" height=\"334\" src=\"https:\/\/physioaktiv-schmieding.de\/wp-content\/uploads\/2020\/08\/Schroepfen.jpg\" alt=\"\" data-id=\"1115\" data-full-url=\"https:\/\/physioaktiv-schmieding.de\/wp-content\/uploads\/2020\/08\/Schroepfen.jpg\" data-link=\"https:\/\/physioaktiv-schmieding.de\/?attachment_id=1115\" class=\"wp-image-1115\" srcset=\"https:\/\/physioaktiv-schmieding.de\/wp-content\/uploads\/2020\/08\/Schroepfen.jpg 500w, https:\/\/physioaktiv-schmieding.de\/wp-content\/uploads\/2020\/08\/Schroepfen-300x200.jpg 300w\" sizes=\"auto, (max-width: 500px) 100vw, 500px\" \/><\/figure><\/li><\/ul><\/figure>\n\n\n\n<p class=\"has-medium-font-size\">Schr\u00f6pfen ist ein traditionelles Therapieverfahren, bei dem auf einem begrenzten Hautareal ein Unterdruck aufgebracht wird. Es wird typischerweise in der Alternativmedizin eingesetzt und z\u00e4hlt dort zu den ausleitenden Verfahren. Es ist in der ganzen alten Welt von alters her bekannt.<\/p>\n\n\n\n<p class=\"has-medium-font-size\">Bevor die Schr\u00f6pfmassage beginnen kann, wird das betreffende Hautareal zun\u00e4chst einge\u00f6lt. Die Gl\u00e4ser werden nun auf die Haut gelegt, w\u00e4hrend der Gummiball zusammengedr\u00fcckt wird. Beim Loslassen bildet er ein Vakuum, sodass die Haut leicht angehoben wird. Nun kann mit dem Glas massiert werden. Das Schr\u00f6pfglas kann zudem auch an einer besonders verh\u00e4rteten Stelle verharren.<\/p>\n\n\n\n<p class=\"has-medium-font-size\">Die Schr\u00f6pfmassage verbindet die Wirkungen einer Klassischen Massage und des Schr\u00f6pfens.<\/p>\n\n\n\n<p class=\"has-medium-font-size\">Im Allgemeinen kann die Schr\u00f6pfmassage bei<\/p>\n\n\n\n<ol class=\"wp-block-list\"><li><strong>Verspannungen<\/strong><\/li><li><strong>Verdauungsst\u00f6rungen<\/strong><\/li><li><strong>langsamem Stoffwechsel<\/strong><\/li><\/ol>\n\n\n\n<p class=\"has-medium-font-size\">helfen.<\/p>\n","protected":false},"excerpt":{"rendered":"<p>Schr\u00f6pfen ist ein traditionelles Therapieverfahren, bei dem auf einem begrenzten Hautareal ein Unterdruck aufgebracht wird. Es wird typischerweise in der Alternativmedizin eingesetzt und z\u00e4hlt dort zu den ausleitenden Verfahren. Es ist in der ganzen alten Welt von alters her bekannt. &hellip; <a href=\"https:\/\/physioaktiv-schmieding.de\/?page_id=1114\">Weiterlesen <span class=\"meta-nav\">&rarr;<\/span><\/a><\/p>\n","protected":false},"author":1,"featured_media":0,"parent":0,"menu_order":0,"comment_status":"closed","ping_status":"closed","template":"","meta":{"footnotes":""},"class_list":["post-1114","page","type-page","status-publish","hentry"],"_links":{"self":[{"href":"https:\/\/physioaktiv-schmieding.de\/index.php?rest_route=\/wp\/v2\/pages\/1114","targetHints":{"allow":["GET"]}}],"collection":[{"href":"https:\/\/physioaktiv-schmieding.de\/index.php?rest_route=\/wp\/v2\/pages"}],"about":[{"href":"https:\/\/physioaktiv-schmieding.de\/index.php?rest_route=\/wp\/v2\/types\/page"}],"author":[{"embeddable":true,"href":"https:\/\/physioaktiv-schmieding.de\/index.php?rest_route=\/wp\/v2\/users\/1"}],"replies":[{"embeddable":true,"href":"https:\/\/physioaktiv-schmieding.de\/index.php?rest_route=%2Fwp%2Fv2%2Fcomments&post=1114"}],"version-history":[{"count":1,"href":"https:\/\/physioaktiv-schmieding.de\/index.php?rest_route=\/wp\/v2\/pages\/1114\/revisions"}],"predecessor-version":[{"id":1116,"href":"https:\/\/physioaktiv-schmieding.de\/index.php?rest_route=\/wp\/v2\/pages\/1114\/revisions\/1116"}],"wp:attachment":[{"href":"https:\/\/physioaktiv-schmieding.de\/index.php?rest_route=%2Fwp%2Fv2%2Fmedia&parent=1114"}],"curies":[{"name":"wp","href":"https:\/\/api.w.org\/{rel}","templated":true}]}}