{"id":1110,"date":"2020-08-19T12:36:54","date_gmt":"2020-08-19T10:36:54","guid":{"rendered":"https:\/\/physioaktiv-schmieding.de\/?page_id=1110"},"modified":"2020-08-19T12:36:54","modified_gmt":"2020-08-19T10:36:54","slug":"kolonmassage","status":"publish","type":"page","link":"https:\/\/physioaktiv-schmieding.de\/?page_id=1110","title":{"rendered":"Kolonmassage"},"content":{"rendered":"\n<figure class=\"wp-block-gallery aligncenter columns-1 is-cropped wp-block-gallery-1 is-layout-flex wp-block-gallery-is-layout-flex\"><ul class=\"blocks-gallery-grid\"><li class=\"blocks-gallery-item\"><figure><img loading=\"lazy\" decoding=\"async\" width=\"527\" height=\"395\" src=\"https:\/\/physioaktiv-schmieding.de\/wp-content\/uploads\/2020\/08\/Kolon.jpg\" alt=\"\" data-id=\"1111\" data-full-url=\"https:\/\/physioaktiv-schmieding.de\/wp-content\/uploads\/2020\/08\/Kolon.jpg\" data-link=\"https:\/\/physioaktiv-schmieding.de\/?attachment_id=1111\" class=\"wp-image-1111\" srcset=\"https:\/\/physioaktiv-schmieding.de\/wp-content\/uploads\/2020\/08\/Kolon.jpg 527w, https:\/\/physioaktiv-schmieding.de\/wp-content\/uploads\/2020\/08\/Kolon-300x225.jpg 300w\" sizes=\"auto, (max-width: 527px) 100vw, 527px\" \/><\/figure><\/li><\/ul><\/figure>\n\n\n\n<p class=\"has-medium-font-size\">Die Kolonmassage ist eine Teilmassage, die als medizinische Massage bei diversen Verdauungsst\u00f6rungen verwendet werden kann. So kann sie therapiebegleitend oder auch als alleinige Behandlung zur Alternative der medikament\u00f6sen Behandlung von Verdauungsst\u00f6rungen genutzt werden. \u00dcblicherweise kommt die Kolonmassage bei Beschwerden wie Verstopfung oder Aufgasungen im Bauchraum zum Einsatz. Daher wird sie auch bei Bl\u00e4hungen verwendet, um den Darm manuell anzuregen, die Gase auszuleiten und die Verdauung voranzutreiben. Meistens kommt die Kolonmassage zur Behandlung oder Vorbeugung von chronischen Verstopfungen zum Einsatz und auch bei \u00e4hnlichen Beschwerden wie Bauchkr\u00e4mpfen oder Spannungsgef\u00fchlen.<\/p>\n","protected":false},"excerpt":{"rendered":"<p>Die Kolonmassage ist eine Teilmassage, die als medizinische Massage bei diversen Verdauungsst\u00f6rungen verwendet werden kann. So kann sie therapiebegleitend oder auch als alleinige Behandlung zur Alternative der medikament\u00f6sen Behandlung von Verdauungsst\u00f6rungen genutzt werden. \u00dcblicherweise kommt die Kolonmassage bei Beschwerden wie &hellip; <a href=\"https:\/\/physioaktiv-schmieding.de\/?page_id=1110\">Weiterlesen <span class=\"meta-nav\">&rarr;<\/span><\/a><\/p>\n","protected":false},"author":1,"featured_media":0,"parent":0,"menu_order":0,"comment_status":"closed","ping_status":"closed","template":"","meta":{"footnotes":""},"class_list":["post-1110","page","type-page","status-publish","hentry"],"_links":{"self":[{"href":"https:\/\/physioaktiv-schmieding.de\/index.php?rest_route=\/wp\/v2\/pages\/1110","targetHints":{"allow":["GET"]}}],"collection":[{"href":"https:\/\/physioaktiv-schmieding.de\/index.php?rest_route=\/wp\/v2\/pages"}],"about":[{"href":"https:\/\/physioaktiv-schmieding.de\/index.php?rest_route=\/wp\/v2\/types\/page"}],"author":[{"embeddable":true,"href":"https:\/\/physioaktiv-schmieding.de\/index.php?rest_route=\/wp\/v2\/users\/1"}],"replies":[{"embeddable":true,"href":"https:\/\/physioaktiv-schmieding.de\/index.php?rest_route=%2Fwp%2Fv2%2Fcomments&post=1110"}],"version-history":[{"count":1,"href":"https:\/\/physioaktiv-schmieding.de\/index.php?rest_route=\/wp\/v2\/pages\/1110\/revisions"}],"predecessor-version":[{"id":1112,"href":"https:\/\/physioaktiv-schmieding.de\/index.php?rest_route=\/wp\/v2\/pages\/1110\/revisions\/1112"}],"wp:attachment":[{"href":"https:\/\/physioaktiv-schmieding.de\/index.php?rest_route=%2Fwp%2Fv2%2Fmedia&parent=1110"}],"curies":[{"name":"wp","href":"https:\/\/api.w.org\/{rel}","templated":true}]}}