{"id":1101,"date":"2020-08-19T12:27:56","date_gmt":"2020-08-19T10:27:56","guid":{"rendered":"https:\/\/physioaktiv-schmieding.de\/?page_id=1101"},"modified":"2020-08-19T12:28:39","modified_gmt":"2020-08-19T10:28:39","slug":"lomo-lomi","status":"publish","type":"page","link":"https:\/\/physioaktiv-schmieding.de\/?page_id=1101","title":{"rendered":"Lomi Lomi"},"content":{"rendered":"\n<p class=\"has-normal-font-size\"><strong>(Hawaiianische Wellnessmassage mit warmen \u00d6l)<\/strong><\/p>\n\n\n\n<figure class=\"wp-block-gallery aligncenter columns-1 is-cropped wp-block-gallery-1 is-layout-flex wp-block-gallery-is-layout-flex\"><ul class=\"blocks-gallery-grid\"><li class=\"blocks-gallery-item\"><figure><img loading=\"lazy\" decoding=\"async\" width=\"750\" height=\"500\" src=\"https:\/\/physioaktiv-schmieding.de\/wp-content\/uploads\/2020\/08\/Lomi.jpg\" alt=\"\" data-id=\"1102\" data-full-url=\"https:\/\/physioaktiv-schmieding.de\/wp-content\/uploads\/2020\/08\/Lomi.jpg\" data-link=\"https:\/\/physioaktiv-schmieding.de\/?attachment_id=1102\" class=\"wp-image-1102\" srcset=\"https:\/\/physioaktiv-schmieding.de\/wp-content\/uploads\/2020\/08\/Lomi.jpg 750w, https:\/\/physioaktiv-schmieding.de\/wp-content\/uploads\/2020\/08\/Lomi-300x200.jpg 300w\" sizes=\"auto, (max-width: 750px) 100vw, 750px\" \/><\/figure><\/li><\/ul><\/figure>\n\n\n\n<p class=\"has-medium-font-size\">Eine Lomi Lomi &#8211; Massage dient nicht nur der Entspannung, sondern ihrem Anspruch nach auch der k\u00f6rperlichen, seelischen und geistigen Reinigung. Die Huna-Auffassung von Gesundheit und Krankheit \u00e4hnelt der in der Traditionellen Chinesischen Medizin:<\/p>\n\n\n\n<p class=\"has-medium-font-size\">Blockaden verursachen Krankheiten bzw. k\u00f6nnen sich als k\u00f6rperliche Verspannungen manifestieren. <\/p>\n\n\n\n<p class=\"has-medium-font-size\">Die Massage soll diese Blockaden auf k\u00f6rperlicher und seelischer Ebene l\u00f6sen und die Harmonie von K\u00f6rper, Geist und Seele wiederherstellen.<\/p>\n\n\n\n<p class=\"has-medium-font-size\">Es wird warmes \u00d6l verwendet. Der Behandler arbeitet nicht nur mit den H\u00e4nden, sondern mit dem gesamten Unterarm einschlie\u00dflich der Ellenbogen. Die Bewegungen sind grunds\u00e4tzlich flie\u00dfend und leicht schaukelnd. Die Massage kann in ihrer St\u00e4rke variieren, auch innerhalb einer Behandlung. So kann sie sehr sanft und beruhigend sein, aber auch fordernd, in den Schmerz gehend, um tiefliegende Spannungen aufzul\u00f6sen.<\/p>\n","protected":false},"excerpt":{"rendered":"<p>(Hawaiianische Wellnessmassage mit warmen \u00d6l) Eine Lomi Lomi &#8211; Massage dient nicht nur der Entspannung, sondern ihrem Anspruch nach auch der k\u00f6rperlichen, seelischen und geistigen Reinigung. Die Huna-Auffassung von Gesundheit und Krankheit \u00e4hnelt der in der Traditionellen Chinesischen Medizin: Blockaden &hellip; <a href=\"https:\/\/physioaktiv-schmieding.de\/?page_id=1101\">Weiterlesen <span class=\"meta-nav\">&rarr;<\/span><\/a><\/p>\n","protected":false},"author":1,"featured_media":0,"parent":0,"menu_order":0,"comment_status":"closed","ping_status":"closed","template":"","meta":{"footnotes":""},"class_list":["post-1101","page","type-page","status-publish","hentry"],"_links":{"self":[{"href":"https:\/\/physioaktiv-schmieding.de\/index.php?rest_route=\/wp\/v2\/pages\/1101","targetHints":{"allow":["GET"]}}],"collection":[{"href":"https:\/\/physioaktiv-schmieding.de\/index.php?rest_route=\/wp\/v2\/pages"}],"about":[{"href":"https:\/\/physioaktiv-schmieding.de\/index.php?rest_route=\/wp\/v2\/types\/page"}],"author":[{"embeddable":true,"href":"https:\/\/physioaktiv-schmieding.de\/index.php?rest_route=\/wp\/v2\/users\/1"}],"replies":[{"embeddable":true,"href":"https:\/\/physioaktiv-schmieding.de\/index.php?rest_route=%2Fwp%2Fv2%2Fcomments&post=1101"}],"version-history":[{"count":2,"href":"https:\/\/physioaktiv-schmieding.de\/index.php?rest_route=\/wp\/v2\/pages\/1101\/revisions"}],"predecessor-version":[{"id":1104,"href":"https:\/\/physioaktiv-schmieding.de\/index.php?rest_route=\/wp\/v2\/pages\/1101\/revisions\/1104"}],"wp:attachment":[{"href":"https:\/\/physioaktiv-schmieding.de\/index.php?rest_route=%2Fwp%2Fv2%2Fmedia&parent=1101"}],"curies":[{"name":"wp","href":"https:\/\/api.w.org\/{rel}","templated":true}]}}