{"id":1097,"date":"2020-08-19T12:23:22","date_gmt":"2020-08-19T10:23:22","guid":{"rendered":"https:\/\/physioaktiv-schmieding.de\/?page_id=1097"},"modified":"2020-08-19T12:23:22","modified_gmt":"2020-08-19T10:23:22","slug":"hot-stone-wellnessmassage","status":"publish","type":"page","link":"https:\/\/physioaktiv-schmieding.de\/?page_id=1097","title":{"rendered":"Hot Stone (Wellnessmassage)"},"content":{"rendered":"\n<figure class=\"wp-block-gallery aligncenter columns-1 is-cropped wp-block-gallery-1 is-layout-flex wp-block-gallery-is-layout-flex\"><ul class=\"blocks-gallery-grid\"><li class=\"blocks-gallery-item\"><figure><img loading=\"lazy\" decoding=\"async\" width=\"550\" height=\"275\" src=\"https:\/\/physioaktiv-schmieding.de\/wp-content\/uploads\/2020\/08\/Hot-Stone.jpg\" alt=\"\" data-id=\"1098\" data-full-url=\"https:\/\/physioaktiv-schmieding.de\/wp-content\/uploads\/2020\/08\/Hot-Stone.jpg\" data-link=\"https:\/\/physioaktiv-schmieding.de\/?attachment_id=1098\" class=\"wp-image-1098\" srcset=\"https:\/\/physioaktiv-schmieding.de\/wp-content\/uploads\/2020\/08\/Hot-Stone.jpg 550w, https:\/\/physioaktiv-schmieding.de\/wp-content\/uploads\/2020\/08\/Hot-Stone-300x150.jpg 300w\" sizes=\"auto, (max-width: 550px) 100vw, 550px\" \/><\/figure><\/li><\/ul><\/figure>\n\n\n\n<p class=\"has-medium-font-size\">Die Hot Stone Massage (Warmsteinmassage) ist eine Kombination aus wohltuender Massage (Wellnessmassage) und tiefgehender Wirkung erw\u00e4rmter Massagesteine. F\u00fcr die Hot Stone Massage werden h\u00e4ufig Basaltsteine aus nat\u00fcrlichem Lavagestein verwendet, da diese die hohen Temperaturen von ca. 55 \u00b0C gut aufnehmen.<\/p>\n\n\n\n<p class=\"has-medium-font-size\">Massiert wird sowohl ohne als auch mit den Hot Stones. Die Massagesteine haben unterschiedliche Gr\u00f6\u00dfen und Formen, um je nach K\u00f6rperregion effizient arbeiten zu k\u00f6nnen. <\/p>\n\n\n\n<p class=\"has-medium-font-size\">Das Ziel der Hot Stone Massage ist die Entspannung einzelner K\u00f6rperregionen und Muskeln. Die Kombination von W\u00e4rme und Massage sorgt dabei f\u00fcr eine hohe Effizienz. Mit Hilfe der Hot Stone Massage lassen sich vor allem muskul\u00e4re Verspannungen sehr gut l\u00f6sen. Die Massage hat durch die W\u00e4rme und den Druck der festen Massagesteine eine sehr tiefgehende Wirkung.<\/p>\n\n\n\n<p class=\"has-medium-font-size\">Wie bei anderen Massagen sorgen die Ruhe und die k\u00f6rperlichen Ber\u00fchrungen bei der Hot Stone Massage daf\u00fcr, dass der t\u00e4gliche Stress und psychische Anspannungen in vielen F\u00e4llen verringert werden k\u00f6nnen.<\/p>\n","protected":false},"excerpt":{"rendered":"<p>Die Hot Stone Massage (Warmsteinmassage) ist eine Kombination aus wohltuender Massage (Wellnessmassage) und tiefgehender Wirkung erw\u00e4rmter Massagesteine. F\u00fcr die Hot Stone Massage werden h\u00e4ufig Basaltsteine aus nat\u00fcrlichem Lavagestein verwendet, da diese die hohen Temperaturen von ca. 55 \u00b0C gut aufnehmen. &hellip; <a href=\"https:\/\/physioaktiv-schmieding.de\/?page_id=1097\">Weiterlesen <span class=\"meta-nav\">&rarr;<\/span><\/a><\/p>\n","protected":false},"author":1,"featured_media":0,"parent":0,"menu_order":0,"comment_status":"closed","ping_status":"closed","template":"","meta":{"footnotes":""},"class_list":["post-1097","page","type-page","status-publish","hentry"],"_links":{"self":[{"href":"https:\/\/physioaktiv-schmieding.de\/index.php?rest_route=\/wp\/v2\/pages\/1097","targetHints":{"allow":["GET"]}}],"collection":[{"href":"https:\/\/physioaktiv-schmieding.de\/index.php?rest_route=\/wp\/v2\/pages"}],"about":[{"href":"https:\/\/physioaktiv-schmieding.de\/index.php?rest_route=\/wp\/v2\/types\/page"}],"author":[{"embeddable":true,"href":"https:\/\/physioaktiv-schmieding.de\/index.php?rest_route=\/wp\/v2\/users\/1"}],"replies":[{"embeddable":true,"href":"https:\/\/physioaktiv-schmieding.de\/index.php?rest_route=%2Fwp%2Fv2%2Fcomments&post=1097"}],"version-history":[{"count":1,"href":"https:\/\/physioaktiv-schmieding.de\/index.php?rest_route=\/wp\/v2\/pages\/1097\/revisions"}],"predecessor-version":[{"id":1099,"href":"https:\/\/physioaktiv-schmieding.de\/index.php?rest_route=\/wp\/v2\/pages\/1097\/revisions\/1099"}],"wp:attachment":[{"href":"https:\/\/physioaktiv-schmieding.de\/index.php?rest_route=%2Fwp%2Fv2%2Fmedia&parent=1097"}],"curies":[{"name":"wp","href":"https:\/\/api.w.org\/{rel}","templated":true}]}}