{"id":1090,"date":"2020-08-19T12:15:18","date_gmt":"2020-08-19T10:15:18","guid":{"rendered":"https:\/\/physioaktiv-schmieding.de\/?page_id=1090"},"modified":"2020-08-19T12:17:57","modified_gmt":"2020-08-19T10:17:57","slug":"klassische-massagetherapie-kmt","status":"publish","type":"page","link":"https:\/\/physioaktiv-schmieding.de\/?page_id=1090","title":{"rendered":"Klassische Massagetherapie (KMT)"},"content":{"rendered":"\n<figure class=\"wp-block-gallery aligncenter columns-1 is-cropped wp-block-gallery-1 is-layout-flex wp-block-gallery-is-layout-flex\"><ul class=\"blocks-gallery-grid\"><li class=\"blocks-gallery-item\"><figure><img loading=\"lazy\" decoding=\"async\" width=\"725\" height=\"245\" src=\"https:\/\/physioaktiv-schmieding.de\/wp-content\/uploads\/2020\/08\/KMT.jpg\" alt=\"\" data-id=\"1093\" data-full-url=\"https:\/\/physioaktiv-schmieding.de\/wp-content\/uploads\/2020\/08\/KMT.jpg\" data-link=\"https:\/\/physioaktiv-schmieding.de\/?attachment_id=1093\" class=\"wp-image-1093\" srcset=\"https:\/\/physioaktiv-schmieding.de\/wp-content\/uploads\/2020\/08\/KMT.jpg 725w, https:\/\/physioaktiv-schmieding.de\/wp-content\/uploads\/2020\/08\/KMT-300x101.jpg 300w\" sizes=\"auto, (max-width: 725px) 100vw, 725px\" \/><\/figure><\/li><\/ul><\/figure>\n\n\n\n<p class=\"has-medium-font-size\">Der Hauptzweck der Massage liegt darin, die Harmonie des Organismus durch regulierende Techniken der Ber\u00fchrung zu bewahren oder wiederherzustellen. W\u00e4hrend es bei den \u00f6stlichen Techniken wie Shiatsu oder Akupressur eher um die Wiederherstellung des inneren Energiegleichgewichts geht, bewirken die westlichen Massagetechniken eine direkte k\u00f6rperliche Reaktion. Die klassische Massage dient vor allem zur Vorbeugung und Behandlung von Verspannungen der Muskulatur. <\/p>\n\n\n\n<p class=\"has-medium-font-size\">Typische Beschwerden, die jemanden zum Physiotherapeuten\/Masseur f\u00fchren, sind:<\/p>\n\n\n\n<ol class=\"wp-block-list\"><li><strong>Rheumatische Beschwerden<\/strong><\/li><li><strong>R\u00fcckenschmerzen<\/strong><\/li><li><strong>Kopfschmerzen bei verspannter R\u00fccken- und Nackenmuskulatur<\/strong><\/li><li><strong>Verh\u00e4rtete Muskulatur nach gr\u00f6\u00dferen sportlichen Leistungen<\/strong><\/li><li><strong>Bewegungseinschr\u00e4nkungen, die durch eine verspannte oder verk\u00fcrzte Muskulatur bedingt sind<\/strong><\/li><\/ol>\n\n\n\n<p class=\"has-blue-color has-text-color has-medium-font-size\">&nbsp;Au\u00dferdem dient die Massage auch zur:<\/p>\n\n\n\n<ol class=\"wp-block-list\"><li><strong>Entspannung und allgemeinen Lockerung<\/strong><\/li><li><strong>Verbesserung der Durchblutung von Haut und Muskulatur<\/strong><\/li><\/ol>\n\n\n\n<p><\/p>\n","protected":false},"excerpt":{"rendered":"<p>Der Hauptzweck der Massage liegt darin, die Harmonie des Organismus durch regulierende Techniken der Ber\u00fchrung zu bewahren oder wiederherzustellen. W\u00e4hrend es bei den \u00f6stlichen Techniken wie Shiatsu oder Akupressur eher um die Wiederherstellung des inneren Energiegleichgewichts geht, bewirken die westlichen &hellip; <a href=\"https:\/\/physioaktiv-schmieding.de\/?page_id=1090\">Weiterlesen <span class=\"meta-nav\">&rarr;<\/span><\/a><\/p>\n","protected":false},"author":1,"featured_media":0,"parent":0,"menu_order":0,"comment_status":"closed","ping_status":"closed","template":"","meta":{"footnotes":""},"class_list":["post-1090","page","type-page","status-publish","hentry"],"_links":{"self":[{"href":"https:\/\/physioaktiv-schmieding.de\/index.php?rest_route=\/wp\/v2\/pages\/1090","targetHints":{"allow":["GET"]}}],"collection":[{"href":"https:\/\/physioaktiv-schmieding.de\/index.php?rest_route=\/wp\/v2\/pages"}],"about":[{"href":"https:\/\/physioaktiv-schmieding.de\/index.php?rest_route=\/wp\/v2\/types\/page"}],"author":[{"embeddable":true,"href":"https:\/\/physioaktiv-schmieding.de\/index.php?rest_route=\/wp\/v2\/users\/1"}],"replies":[{"embeddable":true,"href":"https:\/\/physioaktiv-schmieding.de\/index.php?rest_route=%2Fwp%2Fv2%2Fcomments&post=1090"}],"version-history":[{"count":3,"href":"https:\/\/physioaktiv-schmieding.de\/index.php?rest_route=\/wp\/v2\/pages\/1090\/revisions"}],"predecessor-version":[{"id":1096,"href":"https:\/\/physioaktiv-schmieding.de\/index.php?rest_route=\/wp\/v2\/pages\/1090\/revisions\/1096"}],"wp:attachment":[{"href":"https:\/\/physioaktiv-schmieding.de\/index.php?rest_route=%2Fwp%2Fv2%2Fmedia&parent=1090"}],"curies":[{"name":"wp","href":"https:\/\/api.w.org\/{rel}","templated":true}]}}