{"id":1071,"date":"2020-08-19T11:56:05","date_gmt":"2020-08-19T09:56:05","guid":{"rendered":"https:\/\/physioaktiv-schmieding.de\/?page_id=1071"},"modified":"2020-08-19T11:58:52","modified_gmt":"2020-08-19T09:58:52","slug":"manuelle-lymphdrainage","status":"publish","type":"page","link":"https:\/\/physioaktiv-schmieding.de\/?page_id=1071","title":{"rendered":"Manuelle Lymphdrainage"},"content":{"rendered":"\n<div class=\"wp-block-image\"><figure class=\"aligncenter size-large is-resized\"><img loading=\"lazy\" decoding=\"async\" src=\"https:\/\/physioaktiv-schmieding.de\/wp-content\/uploads\/2020\/08\/Lymphe1.jpg\" alt=\"\" class=\"wp-image-1072\" width=\"384\" height=\"288\" srcset=\"https:\/\/physioaktiv-schmieding.de\/wp-content\/uploads\/2020\/08\/Lymphe1.jpg 480w, https:\/\/physioaktiv-schmieding.de\/wp-content\/uploads\/2020\/08\/Lymphe1-300x225.jpg 300w\" sizes=\"auto, (max-width: 384px) 100vw, 384px\" \/><\/figure><\/div>\n\n\n\n<p class=\"has-medium-font-size\">Die manuelle Lymphdrainage ist eine Form \u00a0\u00a0der physikalischen Therapien. Ihre Anwendungsgebiete sind breit gef\u00e4chert. Sie dient vor allem als \u00d6dem- und Entstauungstherapie \u00f6demat\u00f6ser K\u00f6rperregionen, wie K\u00f6rperstamm und Extremit\u00e4ten (Arme und Beine), welche nach Traumata oder Operationen entstehen k\u00f6nnen. Besonders h\u00e4ufig wird diese Therapie nach einer Tumorbehandlung bzw. Lymphknotenentfernung verschrieben.<\/p>\n\n\n\n<p class=\"has-medium-font-size\">Die MLD ist die geeignete Therapie zur Behandlung lymphostatischer \u00d6deme, die sich durch ungen\u00fcgende Transportkapazit\u00e4t der Lymphgef\u00e4\u00dfe bei normaler lymphpflichtiger Last (auch Niedrigvolumeninsuffizienz) kennzeichnet. Darunter fallen angeborene (prim\u00e4re) sowie sekund\u00e4re Lymph\u00f6deme. Die klassische Indikation ist das sekund\u00e4re Lymph\u00f6dem des Armes nach Brustkrebsoperationen.<\/p>\n\n\n\n<p><\/p>\n","protected":false},"excerpt":{"rendered":"<p>Die manuelle Lymphdrainage ist eine Form \u00a0\u00a0der physikalischen Therapien. Ihre Anwendungsgebiete sind breit gef\u00e4chert. Sie dient vor allem als \u00d6dem- und Entstauungstherapie \u00f6demat\u00f6ser K\u00f6rperregionen, wie K\u00f6rperstamm und Extremit\u00e4ten (Arme und Beine), welche nach Traumata oder Operationen entstehen k\u00f6nnen. Besonders h\u00e4ufig &hellip; <a href=\"https:\/\/physioaktiv-schmieding.de\/?page_id=1071\">Weiterlesen <span class=\"meta-nav\">&rarr;<\/span><\/a><\/p>\n","protected":false},"author":1,"featured_media":0,"parent":0,"menu_order":0,"comment_status":"closed","ping_status":"closed","template":"","meta":{"footnotes":""},"class_list":["post-1071","page","type-page","status-publish","hentry"],"_links":{"self":[{"href":"https:\/\/physioaktiv-schmieding.de\/index.php?rest_route=\/wp\/v2\/pages\/1071","targetHints":{"allow":["GET"]}}],"collection":[{"href":"https:\/\/physioaktiv-schmieding.de\/index.php?rest_route=\/wp\/v2\/pages"}],"about":[{"href":"https:\/\/physioaktiv-schmieding.de\/index.php?rest_route=\/wp\/v2\/types\/page"}],"author":[{"embeddable":true,"href":"https:\/\/physioaktiv-schmieding.de\/index.php?rest_route=\/wp\/v2\/users\/1"}],"replies":[{"embeddable":true,"href":"https:\/\/physioaktiv-schmieding.de\/index.php?rest_route=%2Fwp%2Fv2%2Fcomments&post=1071"}],"version-history":[{"count":3,"href":"https:\/\/physioaktiv-schmieding.de\/index.php?rest_route=\/wp\/v2\/pages\/1071\/revisions"}],"predecessor-version":[{"id":1076,"href":"https:\/\/physioaktiv-schmieding.de\/index.php?rest_route=\/wp\/v2\/pages\/1071\/revisions\/1076"}],"wp:attachment":[{"href":"https:\/\/physioaktiv-schmieding.de\/index.php?rest_route=%2Fwp%2Fv2%2Fmedia&parent=1071"}],"curies":[{"name":"wp","href":"https:\/\/api.w.org\/{rel}","templated":true}]}}