{"id":1064,"date":"2020-08-18T21:00:07","date_gmt":"2020-08-18T19:00:07","guid":{"rendered":"https:\/\/physioaktiv-schmieding.de\/?page_id=1064"},"modified":"2020-08-18T21:00:07","modified_gmt":"2020-08-18T19:00:07","slug":"info-zu-covid-19-coronavirus","status":"publish","type":"page","link":"https:\/\/physioaktiv-schmieding.de\/?page_id=1064","title":{"rendered":"Info zu COVID 19 (Coronavirus)"},"content":{"rendered":"\n<h3 class=\"has-blue-color has-text-color wp-block-heading\"><strong>Als Heilmittelerbringer sind Physiopraxen vom Schlie\u00dfungsgebot ausgenommen.<\/strong>\u00a0<strong>Wir d\u00fcrfen und m\u00fcssen daf\u00fcr sorgen, das laufende Therapien fortgesetzt und operative Nachbehandlungen eingesetzt werden k\u00f6nnen und somit Mobilit\u00e4t und Regeneration bei Patienten erhalten und wiedererlangt werden k\u00f6nnen.<br><\/strong><br><strong>Es ist wichtig f\u00fcr Ihren Heilerfolg, dass Behandlungsreihen durchgef\u00fchrt werden, wenn Sie von Ihrem Hausarzt verordnet wurden oder werden.\u00a0Ihr Hausarzt hat derzeit auch Sondervollmachten, indem er zum Beispiel bei \u201eRisiko-Patienten\u201c Hausbesuche verordnen darf und muss.<\/strong><br><strong>Selbstverst\u00e4ndlich versuchen wir auch in diesen F\u00e4llen,\u00a0bestehende Termine entsprechend umzulegen, bzw. neue anzunehmen \u2013 sprechen Sie uns an.<\/strong><br><strong>(Ob Sie zu diesem Personenkreis geh\u00f6ren, kl\u00e4ren Sie bitte mit Ihrem verordnenden Arzt)<\/strong><br><br><strong>Es besteht faktisch keinerlei Grund, Ihre Therapie bei uns aufgrund der Ausnahmesituation nicht anzutreten, zu unterbrechen oder gar abzubrechen.<\/strong><br><br><strong>Ihre therapeutische Anwendung ist gesichert!<\/strong><\/h3>\n","protected":false},"excerpt":{"rendered":"<p>Als Heilmittelerbringer sind Physiopraxen vom Schlie\u00dfungsgebot ausgenommen.\u00a0Wir d\u00fcrfen und m\u00fcssen daf\u00fcr sorgen, das laufende Therapien fortgesetzt und operative Nachbehandlungen eingesetzt werden k\u00f6nnen und somit Mobilit\u00e4t und Regeneration bei Patienten erhalten und wiedererlangt werden k\u00f6nnen.Es ist wichtig f\u00fcr Ihren Heilerfolg, dass &hellip; <a href=\"https:\/\/physioaktiv-schmieding.de\/?page_id=1064\">Weiterlesen <span class=\"meta-nav\">&rarr;<\/span><\/a><\/p>\n","protected":false},"author":1,"featured_media":0,"parent":0,"menu_order":0,"comment_status":"closed","ping_status":"closed","template":"","meta":{"footnotes":""},"class_list":["post-1064","page","type-page","status-publish","hentry"],"_links":{"self":[{"href":"https:\/\/physioaktiv-schmieding.de\/index.php?rest_route=\/wp\/v2\/pages\/1064","targetHints":{"allow":["GET"]}}],"collection":[{"href":"https:\/\/physioaktiv-schmieding.de\/index.php?rest_route=\/wp\/v2\/pages"}],"about":[{"href":"https:\/\/physioaktiv-schmieding.de\/index.php?rest_route=\/wp\/v2\/types\/page"}],"author":[{"embeddable":true,"href":"https:\/\/physioaktiv-schmieding.de\/index.php?rest_route=\/wp\/v2\/users\/1"}],"replies":[{"embeddable":true,"href":"https:\/\/physioaktiv-schmieding.de\/index.php?rest_route=%2Fwp%2Fv2%2Fcomments&post=1064"}],"version-history":[{"count":1,"href":"https:\/\/physioaktiv-schmieding.de\/index.php?rest_route=\/wp\/v2\/pages\/1064\/revisions"}],"predecessor-version":[{"id":1065,"href":"https:\/\/physioaktiv-schmieding.de\/index.php?rest_route=\/wp\/v2\/pages\/1064\/revisions\/1065"}],"wp:attachment":[{"href":"https:\/\/physioaktiv-schmieding.de\/index.php?rest_route=%2Fwp%2Fv2%2Fmedia&parent=1064"}],"curies":[{"name":"wp","href":"https:\/\/api.w.org\/{rel}","templated":true}]}}